{"id":14687,"date":"2019-12-01T16:14:46","date_gmt":"2019-12-01T16:14:46","guid":{"rendered":"https:\/\/www.tierschutzhof-karlsruhe.de\/TSHKAWP\/?page_id=14687"},"modified":"2025-01-15T14:16:00","modified_gmt":"2025-01-15T14:16:00","slug":"vermittlungsablauf","status":"publish","type":"page","link":"https:\/\/www.tierschutzhof-karlsruhe.de\/TSHKAWP\/vermittlungsablauf\/","title":{"rendered":"Vermittlungsablauf"},"content":{"rendered":"<div id=\"cmsmasters_row_uthziiqnd\" class=\"cmsmasters_row cmsmasters_color_scheme_default cmsmasters_row_top_default cmsmasters_row_bot_default cmsmasters_row_boxed\">\n<div class=\"cmsmasters_row_outer_parent\">\n<div class=\"cmsmasters_row_outer\">\n<div class=\"cmsmasters_row_inner\">\n<div class=\"cmsmasters_row_margin\">\n<div id=\"cmsmasters_column_6up13gboyq\" class=\"cmsmasters_column one_first\">\n<div class=\"cmsmasters_column_inner\"><div class=\"cmsmasters_text\">\n<p>Vielen Dank, dass du Interesse an einem unserer Hunde hast.<br \/>\nWir m\u00f6chten dir hier den Ablauf bis zur Adoption kurz erkl\u00e4ren.<\/p>\n<p dir=\"auto\">Wir haben hier keine Anf\u00e4ngerhunde und werden unsere Tiere auch nicht an unerfahrene Menschen abgeben.<\/p>\n<p dir=\"auto\">Wir setzen voraus, dass du daran interessiert bist, den Hund vor der Adoption ausgiebig kennen zu lernen. Das geht nur, wenn du unsere Hunde regelm\u00e4\u00dfig besuchen kommst und dich auch mit ihnen besch\u00e4ftigst. Diese Voraussetzung ist auch einer der Gr\u00fcnde, warum wir unsere Hunde nur in unserer unmittelbaren Umgebung vermitteln (max. 25 km) und dir somit die M\u00f6glichkeit geben, regelm\u00e4\u00dfig hier zu sein.<br \/>\nEin schnelle Vermittlung wird von uns nicht angestrebt und wenn wir im Verlauf merken, dass der Hund kein Interesse an dir zeigt, werden wir dich leider wieder nach Hause schicken &#8211; ohne Hund.<\/p>\n<p dir=\"auto\">Anfragen werden nur nach Zusendung unseres Bogens zur <strong>Selbstauskunft<\/strong> bearbeitet, denn wir m\u00f6chten dich im Vorfeld etwas kennen lernen.<\/p>\n<p dir=\"auto\"><span class=\"html-span xdj266r x11i5rnm xat24cr x1mh8g0r xexx8yu x4uap5 x18d9i69 xkhd6sd x1hl2dhg x16tdsg8 x1vvkbs\">Sollte alles passen und die Trainingsl\u00e4ufe erfolgreich gewesen sein, werden wir dich Zuhause besuchen und eine Vorkontrolle durchf\u00fchren. <\/span>Nach positivem Bescheid des Vorkontrolleurs kommt es zur Adoption.<br \/>\nAn diesem Tag ist dann die <strong>Schutzgeb\u00fchr <\/strong>in H\u00f6he von derzeit 380,- Euro in bar oder als Vorkasse auf unser Konto f\u00e4llig.<\/p>\n<p dir=\"auto\">Bitte bring zur Adoption ein eigenes Sicherheitsgeschirr und eine Leine mit. Wir beraten dich hierbei gerne. Es ist auch m\u00f6glich, gegen ein Pfand (50,- Euro) eine passende Kombination bei uns zu leihen, bis du dir etwas Geeignetes zugelegt hast.<br \/>\nNach Vertragsunterzeichnung und \u00dcbergabe der Papiere hast du es geschafft und dein neue Fellnase geht mit dir nach Hause.<\/p>\n<p>Solltest du nach der Adoption noch Fragen haben oder das eine oder andere Problem auftauchen, kannst du dich weiterhin gerne an uns wenden und unser Team wird dich entsprechend beraten und begleiten.<\/p>\n<\/div>\n<\/div><\/div>\n<\/div>\n<\/div>\n<\/div>\n<\/div>\n<\/div>\n<div id=\"cmsmasters_row_52ccu3jwa9\" class=\"cmsmasters_row cmsmasters_color_scheme_default cmsmasters_row_top_default cmsmasters_row_bot_default cmsmasters_row_boxed\">\n<div class=\"cmsmasters_row_outer_parent\">\n<div class=\"cmsmasters_row_outer\">\n<div class=\"cmsmasters_row_inner\">\n<div class=\"cmsmasters_row_margin\">\n<div id=\"cmsmasters_column_nl04mmq22f\" class=\"cmsmasters_column one_first\">\n<div class=\"cmsmasters_column_inner\"><div id=\"cmsmasters_button_a6giypzcjw\" class=\"button_wrap\"><a href=\"https:\/\/www.tierschutzhof-karlsruhe.de\/TSHKAWP\/selbstauskunft\/\" class=\"cmsmasters_button\"><span>Zur Selbstauskunft<\/span><\/a><\/div>\n<\/div><\/div>\n<\/div>\n<\/div>\n<\/div>\n<\/div>\n<\/div>\n<div id=\"cmsmasters_row_fmfr01fm2j\" class=\"cmsmasters_row cmsmasters_color_scheme_default cmsmasters_row_top_default cmsmasters_row_bot_default cmsmasters_row_boxed\">\n<div class=\"cmsmasters_row_outer_parent\">\n<div class=\"cmsmasters_row_outer\">\n<div class=\"cmsmasters_row_inner\">\n<div class=\"cmsmasters_row_margin\">\n<div id=\"cmsmasters_column_6m8fzkngls\" class=\"cmsmasters_column one_first\">\n<div class=\"cmsmasters_column_inner\"><div id=\"cmsmasters_heading_i9f3nzvon\" class=\"cmsmasters_heading_wrap cmsmasters_heading_align_left\">\n\t<h4 class=\"cmsmasters_heading\">Was ist die Schutzgeb\u00fchr?<\/h4>\n<\/div><div class=\"cmsmasters_text\">\n<p><strong>Die Schutzgeb\u00fchr <\/strong>ist kein \u201ePreis\u201c den du f\u00fcr einen Hund von uns bezahlst. Zum einen soll sie dem Schutz des Hundes dienen, denn vielen Menschen ist das wof\u00fcr sie bezahlen m\u00fcssen, mehr wert als Dinge, die es umsonst gibt.Geschenktes nimmt man oft sofort, bei allem was Geld kostet \u00fcberdenkt man seine Entscheidung vielleicht doch etwas genauer.<br \/>\nZum anderen ist die Schutzgeb\u00fchr ein notwendiger Beitrag zu unseren t\u00e4glichen Ausgaben auf dem Tierschutzhof.<\/p>\n<ul>\n<li>Tierarztkosten<\/li>\n<li>Transportkosten<\/li>\n<li>Versicherungen<\/li>\n<li>Steuerberater<\/li>\n<li>Betriebserhaltungskosten<\/li>\n<li>\u2026<\/li>\n<\/ul>\n<p>Eingehende freie Spenden reichen daf\u00fcr meist nicht aus. Und wir denken auch, dass kaum ein Tierschutzverein ohne seine Vermittlungs- oder Schutzgeb\u00fchren \u00fcberleben kann.<\/p>\n<\/div>\n<\/div><\/div>\n<\/div>\n<\/div>\n<\/div>\n<\/div>\n<\/div>\n<div id=\"cmsmasters_row_jl9qm7a6c\" class=\"cmsmasters_row cmsmasters_color_scheme_default cmsmasters_row_top_default cmsmasters_row_bot_default cmsmasters_row_boxed\">\n<div class=\"cmsmasters_row_outer_parent\">\n<div class=\"cmsmasters_row_outer\">\n<div class=\"cmsmasters_row_inner\">\n<div class=\"cmsmasters_row_margin\">\n<div id=\"cmsmasters_column_f69ygj099d\" class=\"cmsmasters_column one_first\">\n<div class=\"cmsmasters_column_inner\"><div id=\"cmsmasters_button_m3c79luihu\" class=\"button_wrap\"><a href=\"https:\/\/www.tierschutzhof-karlsruhe.de\/TSHKAWP\/spenden\/\" class=\"cmsmasters_button\"><span>Ich m\u00f6chte helfen<\/span><\/a><\/div>\n<\/div><\/div>\n<\/div>\n<\/div>\n<\/div>\n<\/div>\n<\/div>\n\n","protected":false},"excerpt":{"rendered":"","protected":false},"author":29,"featured_media":0,"parent":0,"menu_order":0,"comment_status":"closed","ping_status":"closed","template":"","meta":[],"_links":{"self":[{"href":"https:\/\/www.tierschutzhof-karlsruhe.de\/TSHKAWP\/wp-json\/wp\/v2\/pages\/14687"}],"collection":[{"href":"https:\/\/www.tierschutzhof-karlsruhe.de\/TSHKAWP\/wp-json\/wp\/v2\/pages"}],"about":[{"href":"https:\/\/www.tierschutzhof-karlsruhe.de\/TSHKAWP\/wp-json\/wp\/v2\/types\/page"}],"author":[{"embeddable":true,"href":"https:\/\/www.tierschutzhof-karlsruhe.de\/TSHKAWP\/wp-json\/wp\/v2\/users\/29"}],"replies":[{"embeddable":true,"href":"https:\/\/www.tierschutzhof-karlsruhe.de\/TSHKAWP\/wp-json\/wp\/v2\/comments?post=14687"}],"version-history":[{"count":22,"href":"https:\/\/www.tierschutzhof-karlsruhe.de\/TSHKAWP\/wp-json\/wp\/v2\/pages\/14687\/revisions"}],"predecessor-version":[{"id":20053,"href":"https:\/\/www.tierschutzhof-karlsruhe.de\/TSHKAWP\/wp-json\/wp\/v2\/pages\/14687\/revisions\/20053"}],"wp:attachment":[{"href":"https:\/\/www.tierschutzhof-karlsruhe.de\/TSHKAWP\/wp-json\/wp\/v2\/media?parent=14687"}],"curies":[{"name":"wp","href":"https:\/\/api.w.org\/{rel}","templated":true}]}}