{"id":14705,"date":"2019-12-01T16:22:08","date_gmt":"2019-12-01T16:22:08","guid":{"rendered":"https:\/\/www.tierschutzhof-karlsruhe.de\/TSHKAWP\/?page_id=14705"},"modified":"2025-01-15T15:03:53","modified_gmt":"2025-01-15T15:03:53","slug":"spenden","status":"publish","type":"page","link":"https:\/\/www.tierschutzhof-karlsruhe.de\/TSHKAWP\/spenden\/","title":{"rendered":"Spenden"},"content":{"rendered":"<div id=\"cmsmasters_row_8x3om73795\" class=\"cmsmasters_row cmsmasters_color_scheme_default cmsmasters_row_top_default cmsmasters_row_bot_default cmsmasters_row_boxed\">\n<div class=\"cmsmasters_row_outer_parent\">\n<div class=\"cmsmasters_row_outer\">\n<div class=\"cmsmasters_row_inner\">\n<div class=\"cmsmasters_row_margin\">\n<div id=\"cmsmasters_column_omi5s727pj\" class=\"cmsmasters_column one_first\">\n<div class=\"cmsmasters_column_inner\"><div id=\"cmsmasters_button_lzhn9msbln\" class=\"button_wrap\"><a href=\"https:\/\/tierschutzhof-karlsruhe.vr-pay-secure.de\/de\/pay?cid=be414bac&#038;hide_description=1&#038;donationpreselect_interval=one_time\" class=\"cmsmasters_button\" target=\"_blank\"><span>Jetzt Spenden<\/span><\/a><\/div>\n<\/div><\/div>\n<\/div>\n<\/div>\n<\/div>\n<\/div>\n<\/div>\n<div id=\"cmsmasters_row_hyan7ayp4h\" class=\"cmsmasters_row cmsmasters_color_scheme_default cmsmasters_row_top_default cmsmasters_row_bot_default cmsmasters_row_boxed\">\n<div class=\"cmsmasters_row_outer_parent\">\n<div class=\"cmsmasters_row_outer\">\n<div class=\"cmsmasters_row_inner\">\n<div class=\"cmsmasters_row_margin\">\n<div id=\"cmsmasters_column_wj9ca7c6y\" class=\"cmsmasters_column one_first\">\n<div class=\"cmsmasters_column_inner\"><div class=\"cmsmasters_text\">\n<p><strong>Ihre Spende h\u00e4lt den Hof am laufen.<\/strong><\/p>\n<p>Tag f\u00fcr Tag haben wir laufende Kosten f\u00fcr den Betrieb des Tierschutzhof in Karlsruhe zu tragen. Neben den Kosten f\u00fcr unsere Tiere wie <strong>Futter<\/strong>, <strong>Tierarzt<\/strong>, <strong>Physio<\/strong> kommen auch die Kosten f\u00fcr <strong>L\u00f6hne<\/strong>, <strong>Mieten<\/strong>, <strong>Versicherungen<\/strong>, <strong>Strom<\/strong>, <strong>Wasser, Reinigungsmittel<\/strong> und die allgemeinen Unterhaltungs- und Instandhaltungskosten hinzu. Als Tierschutzhof nehmen wir vor allem Hunde aus besonders schwierigen Verh\u00e4ltnissen auf. Manche von ihnen k\u00f6nnen mit viel Arbeit, Liebe und Tierarztbesuchen weiter vermittelt werden &#8211; andere finden hier ihren wohlverdienten Gnadenplatz.<\/p>\n<p>Daher sind wir f\u00fcr jeden noch so kleinen Betrag dankbar, damit wir unserer Verantwortung gegen\u00fcber den Tieren gerecht werden k\u00f6nnen.<\/p>\n<p>Wir sind vom Finanzamt der Stadt Karlsruhe\u00a0als mildt\u00e4tig und<strong> gemeinn\u00fctziger Verein <\/strong>zur F\u00f6rderung des Tierschutzes anerkannt, die Spenden an den Tierschutzhof sind somit steuerlich absetzbar. Bei Spenden bis 300\u20ac reicht ein Zahlungsbeleg (z.B. Kontoauszug). Betr\u00e4ge dar\u00fcber erfordern eine <strong>Spendenbescheinigung<\/strong>, die wir Euch dann gerne ausstellen. Wenn Ihr m\u00f6chtet, dass Eure Spende an uns zweckgebunden eingesetzt wird, schreibt bitte ein entsprechendes Stichwort in den Verwendungszweck.<\/p>\n<\/div>\n<div class=\"cmsmasters_text\">\n<p><strong>Bankverbindung<\/strong><br \/>\nTierschutzhof Karlsruhe e. V.<br \/>\nDE10 8306 5408 0004 0818 20<br \/>\nGENODEF1SLR<\/p>\n<\/div>\n<\/div><\/div>\n<\/div>\n<\/div>\n<\/div>\n<\/div>\n<\/div>\n<div id=\"cmsmasters_row_ab0oo48lck\" class=\"cmsmasters_row cmsmasters_color_scheme_default cmsmasters_row_top_default cmsmasters_row_bot_default cmsmasters_row_boxed\">\n<div class=\"cmsmasters_row_outer_parent\">\n<div class=\"cmsmasters_row_outer\">\n<div class=\"cmsmasters_row_inner\">\n<div class=\"cmsmasters_row_margin\">\n<div id=\"cmsmasters_column_7dwlezhwsb\" class=\"cmsmasters_column one_first\">\n<div class=\"cmsmasters_column_inner\"><div id=\"cmsmasters_button_7r6lv0m90j\" class=\"button_wrap\"><a href=\"https:\/\/www.paypal.com\/donate\/?hosted_button_id=KTLRYP3NSMWH8\" class=\"cmsmasters_button\" target=\"_blank\"><span>Spende mit PayPal<\/span><\/a><\/div>\n<\/div><\/div>\n<\/div>\n<\/div>\n<\/div>\n<\/div>\n<\/div>\n<div id=\"cmsmasters_row_84zo4t9fi\" class=\"cmsmasters_row cmsmasters_color_scheme_default cmsmasters_row_top_default cmsmasters_row_bot_default cmsmasters_row_boxed\">\n<div class=\"cmsmasters_row_outer_parent\">\n<div class=\"cmsmasters_row_outer\">\n<div class=\"cmsmasters_row_inner\">\n<div class=\"cmsmasters_row_margin\">\n<div id=\"cmsmasters_column_cp7941gsae\" class=\"cmsmasters_column one_first\">\n<div class=\"cmsmasters_column_inner\"><div class=\"cmsmasters_text\">\n<p>Wir freuen uns selbstverst\u00e4ndlich \u00fcber jede kleine Geldspende, die Ihr gerne auch per <strong>Paypal<\/strong> an <a href=\"https:\/\/www.paypal.com\/DE\/fundraiser\/charity\/5032171\" target=\"_blank\" rel=\"noopener noreferrer\"><strong>@tierschutzhofka<\/strong><\/a> \u00fcberweisen k\u00f6nnt. Diese werden dann gesammelt und f\u00fcr Gro\u00dfbestellungen genutzt.<\/p>\n<p>Regelm\u00e4\u00dfig nutzen wir Paypal auch um transparent zu machen, wo das Geld gerade besonders fehlt. Schau doch gerne mal bei <a href=\"https:\/\/www.facebook.com\/tierschutzhofkarlsruhe\/?locale=de_DE\" target=\"_blank\" rel=\"noopener noreferrer\"><strong>Facebook<\/strong><\/a> vorbei, hier findest du immer die aktuellsten Infos und Spendenkampagnen.<\/p>\n<\/div>\n<\/div><\/div>\n<\/div>\n<\/div>\n<\/div>\n<\/div>\n<\/div>\n<div id=\"cmsmasters_row_ogf1bycu3\" class=\"cmsmasters_row cmsmasters_color_scheme_default cmsmasters_row_top_default cmsmasters_row_bot_default cmsmasters_row_boxed\">\n<div class=\"cmsmasters_row_outer_parent\">\n<div class=\"cmsmasters_row_outer\">\n<div class=\"cmsmasters_row_inner\">\n<div class=\"cmsmasters_row_margin\">\n<div id=\"cmsmasters_column_vfy8bn0vs\" class=\"cmsmasters_column one_third\">\n<div class=\"cmsmasters_column_inner\"><div class=\"custom_html\">\n<iframe\n    src=\"https:\/\/www.paypal.com\/giving\/campaigns?campaign_id=8B4DCTNHXQ4RE\"\n    title=\"PayPal donate campaign card\"\n    frameborder=\"0\"\n    width=382\n    height=550\n    scrolling=\"no\"\n><\/iframe>\n<\/div>\n<\/div><\/div>\n<div id=\"cmsmasters_column_41c22phoqh\" class=\"cmsmasters_column one_third\">\n<div class=\"cmsmasters_column_inner\"><div class=\"custom_html\">\n<iframe\n    src=\"https:\/\/www.paypal.com\/giving\/campaigns?campaign_id=JNHC35GF35UE6\"\n    title=\"PayPal donate campaign card\"\n    frameborder=\"0\"\n    width=382\n    height=550\n    scrolling=\"no\"\n><\/iframe>\n<\/div>\n<\/div><\/div>\n<div id=\"cmsmasters_column_ndrejbavqw\" class=\"cmsmasters_column one_third\">\n<div class=\"cmsmasters_column_inner\"><\/div><\/div>\n<\/div>\n<\/div>\n<\/div>\n<\/div>\n<\/div>\n<div id=\"cmsmasters_row_gj4a3fbjri\" class=\"cmsmasters_row cmsmasters_color_scheme_default cmsmasters_row_top_default cmsmasters_row_bot_default cmsmasters_row_boxed\">\n<div class=\"cmsmasters_row_outer_parent\">\n<div class=\"cmsmasters_row_outer\">\n<div class=\"cmsmasters_row_inner\">\n<div class=\"cmsmasters_row_margin\">\n<div id=\"cmsmasters_column_5flku1psug\" class=\"cmsmasters_column one_first\">\n<div class=\"cmsmasters_column_inner\"><div class=\"cmsmasters_text\">\n<p><strong>Spende ab 1\u20ac monatlich!<br \/>\n<\/strong>Wenn du magst kannst du uns auch bei <a href=\"https:\/\/www.teaming.net\/tierschutzhof-karlsruhe\" target=\"_blank\" rel=\"noopener noreferrer\"><strong>Teaming<\/strong> <\/a>unterst\u00fctzen. Hier kannst du schon mit 1\u20ac pro Monat helfen &#8211; 100% geb\u00fchrenfrei.<br \/>\nDie Idee hinter Teaming ist, dass ein einzelner Euro im Monat nicht viel ver\u00e4ndert &#8211; aber wenn wir alle zusammenlegen, k\u00f6nnen wir etwas erreichen!<\/p>\n<\/div>\n<div id=\"cmsmasters_button_r6fml10av3\" class=\"button_wrap\"><a href=\"https:\/\/www.teaming.net\/tierschutzhof-karlsruhe\" class=\"cmsmasters_button\" target=\"_blank\"><span>Spende mit Teaming<\/span><\/a><\/div>\n<\/div><\/div>\n<\/div>\n<\/div>\n<\/div>\n<\/div>\n<\/div>\n\n","protected":false},"excerpt":{"rendered":"","protected":false},"author":29,"featured_media":0,"parent":0,"menu_order":0,"comment_status":"closed","ping_status":"closed","template":"","meta":[],"_links":{"self":[{"href":"https:\/\/www.tierschutzhof-karlsruhe.de\/TSHKAWP\/wp-json\/wp\/v2\/pages\/14705"}],"collection":[{"href":"https:\/\/www.tierschutzhof-karlsruhe.de\/TSHKAWP\/wp-json\/wp\/v2\/pages"}],"about":[{"href":"https:\/\/www.tierschutzhof-karlsruhe.de\/TSHKAWP\/wp-json\/wp\/v2\/types\/page"}],"author":[{"embeddable":true,"href":"https:\/\/www.tierschutzhof-karlsruhe.de\/TSHKAWP\/wp-json\/wp\/v2\/users\/29"}],"replies":[{"embeddable":true,"href":"https:\/\/www.tierschutzhof-karlsruhe.de\/TSHKAWP\/wp-json\/wp\/v2\/comments?post=14705"}],"version-history":[{"count":111,"href":"https:\/\/www.tierschutzhof-karlsruhe.de\/TSHKAWP\/wp-json\/wp\/v2\/pages\/14705\/revisions"}],"predecessor-version":[{"id":20057,"href":"https:\/\/www.tierschutzhof-karlsruhe.de\/TSHKAWP\/wp-json\/wp\/v2\/pages\/14705\/revisions\/20057"}],"wp:attachment":[{"href":"https:\/\/www.tierschutzhof-karlsruhe.de\/TSHKAWP\/wp-json\/wp\/v2\/media?parent=14705"}],"curies":[{"name":"wp","href":"https:\/\/api.w.org\/{rel}","templated":true}]}}