{"id":14741,"date":"2019-12-01T16:45:44","date_gmt":"2019-12-01T16:45:44","guid":{"rendered":"https:\/\/www.tierschutzhof-karlsruhe.de\/TSHKAWP\/?page_id=14741"},"modified":"2019-12-07T18:24:16","modified_gmt":"2019-12-07T18:24:16","slug":"tagebuch-einer-pflegestelle","status":"publish","type":"page","link":"https:\/\/www.tierschutzhof-karlsruhe.de\/TSHKAWP\/tagebuch-einer-pflegestelle\/","title":{"rendered":"Tagebuch einer Pflegestelle"},"content":{"rendered":"<div id=\"cmsmasters_row_etaprfu2sp\" class=\"cmsmasters_row cmsmasters_color_scheme_default cmsmasters_row_top_default cmsmasters_row_bot_default cmsmasters_row_boxed\">\n<div class=\"cmsmasters_row_outer_parent\">\n<div class=\"cmsmasters_row_outer\">\n<div class=\"cmsmasters_row_inner\">\n<div class=\"cmsmasters_row_margin\">\n<div id=\"cmsmasters_column_8yw3k2fc8\" class=\"cmsmasters_column one_first\">\n<div class=\"cmsmasters_column_inner\"><div class=\"cmsmasters_text\">\n<p>&nbsp;<\/p>\n<p><strong>Tagebuch einer Pflegestelle<\/strong><\/p>\n<p>Heute m\u00f6chte ich gerne noch einmal versuchen, Euch auf das Thema ,,Pflegestelle&#8220; aufmerksam zu machen.<br \/>\nElena hat sich unserem Knopf angenommen, der auf Grund seiner psychischen Auff\u00e4lligkeit ein ganz besonderer Hund ist.<br \/>\nDaher m\u00f6chte ich Euch einladen, Elenas Tagebuch zu lesen. Hier beschreibt sie eindrucksvoll, welchen Herausforderungen sie t\u00e4glich mit Knopf ausgesetzt ist.<br \/>\nElena wird uns in regelm\u00e4\u00dfigen Abst\u00e4nden \u00fcber Knopf informieren und wir w\u00fcnschen Euch nachdenkliche, aber auch lustige Minuten.<\/p>\n<\/div>\n<div class=\"cmsmasters_toggles toggles_mode_accordion\" data-animation=\"fadeIn\" data-delay=\"0\">\n<div class=\"cmsmasters_toggle_wrap\" data-tags=\"all \">\n<div class=\"cmsmasters_toggle_title\">\n<span class=\"cmsmasters_toggle_plus\">\n<span class=\"cmsmasters_toggle_plus_hor\"><\/span>\n<span class=\"cmsmasters_toggle_plus_vert\"><\/span>\n<\/span>\n<a href=\"#\">1. Aller Anfang ist schwer<\/a>\n<\/div>\n<div class=\"cmsmasters_toggle\">\n<div class=\"cmsmasters_toggle_inner\">\n<p>Knopf hatte ein wenig Pech beim Ankommen in Deutschland und es dauerte, bis er eine Pflegestelle finden konnte, die mit seinen ,,Panik-Attacken&#8220; umgehen kann. Bei uns ist er gelandet, weil eine freundliche Nachbarin, die ihm sein Ticket aus Rum\u00e4nien finanzierte, der Meinung ist, er w\u00e4re hier perfekt aufgehoben. Nun glauben wir ja nicht alles, was wir erz\u00e4hlt bekommen und hatten au\u00dferdem zum Zeitpunkt des Gespr\u00e4chs gerade keine Kapazit\u00e4ten f\u00fcr einen zweiten Hund und verschoben das versprochene Kennenlernen auf einige Wochen sp\u00e4ter (immer in der Hoffnung, da\u00df der Hundeknabe inzwischen jemanden gefunden h\u00e4tte, der sich um ihn k\u00fcmmern m\u00f6chte). Aber die Wochen gingen ins Land und Knopf wartete und wartete &#8211; auf uns, wie\u00b4s aussah. Nach dem ersten Kennenlernen war klar: dieser arme Knopf braucht dringend eine Auszeit von den anderen Hunden und mehr individuelle Zuwendung, als er auf dem Tierschutzhof bekommen konnte. Mit Stephans Versprechen, da\u00df Knopf zur\u00fcckkommen d\u00fcrfte, falls es im neuen Zuhause Probleme mit dem Ersthund oder der Chef-Katze gibt, trauten wir uns mit Knopf zusammen ins kalte Wasser zu springen: drei Tage nach dem Kennenlernen zog er bei uns ein. Nicht wirklich freiwillig, aber dennoch<img src=\"https:\/\/www.tierschutzhof-karlsruhe.de\/media\/editors\/tinymce\/plugins\/emoticons\/img\/smiley-smile.gif\" alt=\"smile\" \/><\/p>\n<\/div>\n<\/div>\n<\/div><div class=\"cmsmasters_toggle_wrap\" data-tags=\"all \">\n<div class=\"cmsmasters_toggle_title\">\n<span class=\"cmsmasters_toggle_plus\">\n<span class=\"cmsmasters_toggle_plus_hor\"><\/span>\n<span class=\"cmsmasters_toggle_plus_vert\"><\/span>\n<\/span>\n<a href=\"#\">2. Der Anfang im neuen Zuhause<\/a>\n<\/div>\n<div class=\"cmsmasters_toggle\">\n<div class=\"cmsmasters_toggle_inner\">\n<p>alles ist sehr aufregend &#8211; f\u00fcr Knopf, aber auch f\u00fcr die Mitglieder der Pflegefamilie; man kennt sich schlie\u00dflich bisher nur vom Sehen! Knopf findet den neuen Garten seeehr unheimlich; jedes Bl\u00e4ttchen k\u00f6nnte ein Angreifer sein, jeder Windhauch eine ernste Bedrohung &#8211; man wei\u00df ja nie! Etwas besser geht es ihm im Haus, wo er sofort versucht, das Sofa in Besitz zu nehmen und sich vor Aufregung erst mal erbrechen muss. Mist; das gute Abendessen, einfach weg! Und das Sofa ist auch kein erlaubter Ort &#8211; wo ist er da nur gelandet? Aber da der Ersthund schon nicht aufs Sofa darf, gibt es f\u00fcr G\u00e4ste im Sinne der Gleichberechtigung nat\u00fcrlich auch keine Sonderrechte &#8211; nicht, dass hier schon erste Eifersucht gesch\u00fcrt w\u00fcrde! Es fiel ihm sehr schwer, die Unruhe mit pausenlosem ,,Streife-Gehen&#8220; abzulegen. Weil das neue Pflegefrauchen die Nachtruhe f\u00fcr alle Beteiligten in Gefahr sah, gab es erst mal ein hom\u00f6opathisches ,,Doping&#8220; &#8211; und wer behauptet, das sei alles nur Placebo-Effekt, der sollte sich mal mit Knopf unterhalten, der pl\u00f6tzlich wie abgeschaltet zur Ruhe kommen konnte. \u00dcbrigens ist noch immer nicht ganz gekl\u00e4rt, wer da am meisten Mut brauchte, um die K\u00fcgelchen in den Hund zu bekommen: das Frauchen, die sich nicht so ganz sicher war, ob Knopf nicht vielleicht schnappen w\u00fcrde, weil er das Gefummel an seiner Schnute so gar nicht witzig f\u00e4nde oder Knopf selbst, als diese fremde Frau ihm in seinem R\u00fcckzugsort zwischen Sofa und Couchtisch nachrobbte&#8230; aber: alles klappte und die erste Nacht war gerettet!<\/p>\n<\/div>\n<\/div>\n<\/div><div class=\"cmsmasters_toggle_wrap\" data-tags=\"all \">\n<div class=\"cmsmasters_toggle_title\">\n<span class=\"cmsmasters_toggle_plus\">\n<span class=\"cmsmasters_toggle_plus_hor\"><\/span>\n<span class=\"cmsmasters_toggle_plus_vert\"><\/span>\n<\/span>\n<a href=\"#\">3. Erster \u2032echter\u2032 Tag - so ganz auf uns allein gestellt<\/a>\n<\/div>\n<div class=\"cmsmasters_toggle\">\n<div class=\"cmsmasters_toggle_inner\">\n<p>Prima, die Nacht war ruhig verlaufen &#8211; Knopf hielt sogar dicht! Wir waren begeistert. Er leider noch nicht so ganz; denn alles setzt ihn unter Stre\u00df: ein Mensch, der die Treppe hinunter ins Wohnzimmer kommt, das Hochziehen der Rolll\u00e4den, das \u00d6ffnen der Balkont\u00fcr &#8211; und Auweia, da musste wohl auch noch jemand niesen! Und dann kommt da noch ein ganz komisches Tier zur Haust\u00fcr herein und miaut lautstark herum. Eine Mini-Panik-Attacke folgt quasi der n\u00e4chsten. Aber immerhin klappt die Kommunikation mit dem Kater bestens: Ich tu\u00b4 Dir nichts und Du tust mir nichts &#8211; das ist doch schon mal eine prima Arbeitsgrundlage! Trotz allem schafft er es irgendwie in den Garten zu kommen und sein Bein zu heben: super! Nicht so super: es war an den Tomaten \ud83d\ude41 Naja, aller Anfang ist eben schwer. Und das werden sowohl Knopf als auch seine neuen Menschen in den n\u00e4chsten Tagen noch \u00f6fter denken!<\/p>\n<\/div>\n<\/div>\n<\/div><div class=\"cmsmasters_toggle_wrap\" data-tags=\"all \">\n<div class=\"cmsmasters_toggle_title\">\n<span class=\"cmsmasters_toggle_plus\">\n<span class=\"cmsmasters_toggle_plus_hor\"><\/span>\n<span class=\"cmsmasters_toggle_plus_vert\"><\/span>\n<\/span>\n<a href=\"#\">4. Kennenlernen<\/a>\n<\/div>\n<div class=\"cmsmasters_toggle\">\n<div class=\"cmsmasters_toggle_inner\">\n<p>Wir sind damit besch\u00e4ftigt uns gegenseitig kennenzulernen. Die Menschen versuchen heraus zu bekommen, was Knopf besonders unter Druck setzt, um das dann vielleicht vermeiden zu k\u00f6nnen. Knopf versucht inzwischen zu verstehen, wo er denn nun gelandet ist: Sofa tabu und deshalb komplett voll gestellt, damit er nicht doch hinkuscheln kann. Der Ersthund ist freundlich desinteressiert &#8211; immerhin mobbt er nicht, aber die Gemeinsamkeiten halten sich in engen Grenzen- und morgens gehen alle aus dem Haus, nur das Frauchen hat anscheinend Ferien und die Zeit, sich mit ihm zu besch\u00e4ftigen. Was ihm aber auch etwas unheimlich ist&#8230; Und zum Schlafen gehen die in das andere Stockwerk, in das er sich leider \u00fc\u00fc\u00fc\u00fcberhaupt nicht traut, obwohl die Treppe selbst nicht das Hindernis sein kann, denn so eine muss er auch bew\u00e4ltigen, wenn er in den Garten m\u00f6chte. Verzeihung; MUSS &#8211; von m\u00f6gen kann kein Rede sein, denn dort ist ja einfach alles v\u00f6llig unberechenbar. Nach kurzer Zeit ist nur eines sicher: es ist unm\u00f6glich auch nur irgend etwas zu vermeiden, was Knopf erschrecken k\u00f6nnte, denn er hat einfach vor allem Angst &#8211; wahrscheinlich auch vor seinem eigenen Schatten. Also beschlie\u00dfen wir in seinem Interesse, dass er eben lernen muss, mit den normalen Ger\u00e4uschen, Bewegungen und Ger\u00fcchen des Alltags fertig zu werden, auch wenn das im ersten Moment hart ist &#8211; wir k\u00f6nnen bei aller R\u00fccksicht ja das Leben nicht aufhalten. Das wird er lernen m\u00fcssen, wenn er irgendwann sowas \u00e4hnliches wie ein &#8222;normales&#8220; Hundeleben f\u00fchren m\u00f6chte.<\/p>\n<\/div>\n<\/div>\n<\/div><\/div>\n<\/div><\/div>\n<\/div>\n<\/div>\n<\/div>\n<\/div>\n<\/div>\n\n","protected":false},"excerpt":{"rendered":"","protected":false},"author":29,"featured_media":0,"parent":0,"menu_order":0,"comment_status":"closed","ping_status":"closed","template":"","meta":[],"_links":{"self":[{"href":"https:\/\/www.tierschutzhof-karlsruhe.de\/TSHKAWP\/wp-json\/wp\/v2\/pages\/14741"}],"collection":[{"href":"https:\/\/www.tierschutzhof-karlsruhe.de\/TSHKAWP\/wp-json\/wp\/v2\/pages"}],"about":[{"href":"https:\/\/www.tierschutzhof-karlsruhe.de\/TSHKAWP\/wp-json\/wp\/v2\/types\/page"}],"author":[{"embeddable":true,"href":"https:\/\/www.tierschutzhof-karlsruhe.de\/TSHKAWP\/wp-json\/wp\/v2\/users\/29"}],"replies":[{"embeddable":true,"href":"https:\/\/www.tierschutzhof-karlsruhe.de\/TSHKAWP\/wp-json\/wp\/v2\/comments?post=14741"}],"version-history":[{"count":5,"href":"https:\/\/www.tierschutzhof-karlsruhe.de\/TSHKAWP\/wp-json\/wp\/v2\/pages\/14741\/revisions"}],"predecessor-version":[{"id":14940,"href":"https:\/\/www.tierschutzhof-karlsruhe.de\/TSHKAWP\/wp-json\/wp\/v2\/pages\/14741\/revisions\/14940"}],"wp:attachment":[{"href":"https:\/\/www.tierschutzhof-karlsruhe.de\/TSHKAWP\/wp-json\/wp\/v2\/media?parent=14741"}],"curies":[{"name":"wp","href":"https:\/\/api.w.org\/{rel}","templated":true}]}}