{"id":14749,"date":"2019-12-01T16:48:47","date_gmt":"2019-12-01T16:48:47","guid":{"rendered":"https:\/\/www.tierschutzhof-karlsruhe.de\/TSHKAWP\/?page_id=14749"},"modified":"2020-04-05T12:55:03","modified_gmt":"2020-04-05T12:55:03","slug":"mitgliedschaft","status":"publish","type":"page","link":"https:\/\/www.tierschutzhof-karlsruhe.de\/TSHKAWP\/mitgliedschaft\/","title":{"rendered":"Mitgliedschaft"},"content":{"rendered":"<div id=\"cmsmasters_row_\" class=\"cmsmasters_row cmsmasters_color_scheme_default cmsmasters_row_top_default cmsmasters_row_bot_default cmsmasters_row_boxed\">\n<div class=\"cmsmasters_row_outer_parent\">\n<div class=\"cmsmasters_row_outer\">\n<div class=\"cmsmasters_row_inner\">\n<div class=\"cmsmasters_row_margin\">\n<div id=\"cmsmasters_column_\" class=\"cmsmasters_column one_first\">\n<div class=\"cmsmasters_column_inner\"><div class=\"cmsmasters_text\">\n<p>Immer wieder wird uns die Frage gestellt, wie man bei uns Mitglied werden kann.<br \/>Wir haben hier zwei M\u00f6glichkeiten:<\/p>\n<\/p>\n<h2>Aktives Mitglied<\/h2>\n<p>Kann nur werden, wer sich aktiv (<strong>regelm\u00e4\u00dfig und zuverl\u00e4ssig<\/strong>) mit Arbeitsleistung und Zeiteinsatz f\u00fcr den Tierschutzhof einsetzt.<br \/>Diese aktiven Mitglieder leisten im Laufe des Jahres <strong>durchschnittlich 10 Arbeitsstunden pro Woche <\/strong>ab.<br \/>Zu den abzuleistenden Arbeiten geh\u00f6ren F\u00fcttern, Gassigehen, Reinigungsarbeiten, Gartenarbeiten, Betreuungsdienste, aber auch\u00a0administrative Dinge und vieles andere mehr (siehe auch <a href=\"https:\/\/www.tierschutzhof-karlsruhe.de\/TSHKAWP\/15767-2\/\" target=\"_blank\" rel=\"noreferrer noopener\">hier<\/a>).<br \/>An Samstagen gibt es zum Beispiel immer wieder geplante Arbeitseins\u00e4tze, bei denen wir aktive Mitglieder brauchen.<br \/>Um aktives Mitglied zu werden, ist es durchaus sinnvoll im Einzugsgebiet unseres Tierschutzhofes zu leben. Die aktive Mitgliedschaft ist beitragsfrei.<br \/>Wenn Sie ein aktives Mitglied beim Tierschutzhof werden m\u00f6chten, schreiben Sie uns einfach eine <a href=\"mailto:mail@tierschutzhof-karlsruhe.de\">Mail<\/a> oder rufen uns an.<\/p>\n<p><!-- \/wp:paragraph --><\/p>\n<p><!-- wp:heading --><\/p>\n<h2>F\u00f6rdermitglied<\/h2>\n<p><!-- \/wp:heading --><\/p>\n<p><!-- wp:paragraph -->Dann haben wir noch die M\u00f6glichkeit der <strong>passiven<\/strong> Mitgliedschaft. F\u00f6rdermitglied wird man durch finanzielle Unterst\u00fctzung f\u00fcr ein Jahr.<br \/>Die Verl\u00e4ngerung der Mitgliedschaft erfolgt automatisch bei der freiwilligen Folge\u00fcberweisung des Beitrags f\u00fcr das kommende Jahr.<br \/>F\u00f6rdermitglieder erhalten eine Urkunde, auf der mittels Plakette die laufende Mitgliedschaft angezeigt wird. Nach der freiwilligen \u00dcberweisung des Beitrags f\u00fcr ein Jahr wird von uns eine<br \/>Erweiterungsplakette geschickt, die dann auf der bereits erhaltenen Urkunde von Ihnen angebracht werden kann.<br \/>Wir ziehen keine Beitr\u00e4ge im Lastschriftverfahren ein. Eine F\u00f6rdermitgliedschaft ist absolut zwangsfrei.<br \/>Sie \u00fcberweisen im Laufe eines Jahres wann und so viel wie Sie wollen oder k\u00f6nnen.<br \/>Am Ende des Kalenderjahres sollte jedoch der <strong>Mindest-Mitgliedsbeitrag von 60 Euro f\u00fcr Erwachsene und 12 Euro f\u00fcr Kinder und Jugendliche<\/strong> (unter 18 Jahre) erbracht worden sein.<br \/>Der Beleg (Kontoauszug) einer Beitragszahlung bis 200\u20ac ist gleichzeitig Spendenquittung f\u00fcr das Finanzamt. Gesonderte Spendenquittungen sind gesetzlich erst ab einem Einzahlungsbetrag gr\u00f6\u00dfer 200\u20ac notwendig und werden deshalb erst dann von uns ausgestellt.<\/p>\n<h4 style=\"text-align: center;\">Antrag auf F\u00f6rdermitgliedschaft<\/h4>\n<div style=\"display:none\" class=\"fm-form-container fm-theme0\"><div id=\"fm-pages3\" class=\"fm-pages wdform_page_navigation \" show_title=\"\" show_numbers=\"1\" type=\"none\"><\/div><form name=\"form3\" action=\"\/TSHKAWP\/wp-json\/wp\/v2\/pages\/14749\" method=\"post\" id=\"form3\" class=\"fm-form form3  \" enctype=\"multipart\/form-data\"><input type=\"hidden\" id=\"fm_page_id3\" value=\"14749\" name=\"fm_page_id3\" \/><input type=\"hidden\" id=\"fm_current_post_type3\" value=\"page\" name=\"fm_current_post_type3\" \/><input type=\"hidden\" id=\"counter3\" value=\"21\" name=\"counter3\" \/><input type=\"hidden\" id=\"Itemid3\" value=\"\" name=\"Itemid3\" \/><input type=\"hidden\" id=\"fm_shake3\" value=\"1\" name=\"fm_shake3\" \/><input type=\"text\" class=\"fm-hide\" id=\"fm_empty_field_validation3\" value=\"\" name=\"fm_empty_field_validation3\" data-value=\"bd736efb144d599cf463541431fbf5c4\" \/><div class=\"fm-header-bg\"><div class=\"fm-header \"><div class=\"fm-header-text\">          <div class=\"fm-header-title\">                      <\/div>          <div class=\"fm-header-description\">            <ul> \t<li>Die unten gemachten Angaben sind freiwillig.<\/li> \t<li>Ohne Anschrift k\u00f6nnen wir allerdings keine F\u00f6rderurkunde zusenden.<\/li> \t<li>Alle Angaben werden nur zu internen Zwecken gespeichert und nicht an Dritte weitergeben<\/li> \t<li>Sie haben jederzeit das Recht die L\u00f6schung der Daten zu verlangen, hierzu reicht eine formlose eMail<\/li> \t<li>weitere Informationen zum Datenschutz k\u00f6nnen Sie auf unserer Homepage finden<\/li><\/ul>          <\/div>        <\/div><\/div><\/div><div class=\"wdform-page-and-images fm-form-builder\"><div id=\"3form_view1\" class=\"wdform_page\" page_title=\"Untitled page\" next_title=\"Next\" next_type=\"text\" next_class=\"wdform-page-button\" next_checkable=\"true\" previous_title=\"Previous\" previous_type=\"text\" previous_class=\"wdform-page-button\" previous_checkable=\"false\"><div class=\"wdform_section\"><div class=\"wdform_column\"><div wdid=\"3\" class=\"wdform_row\" style=\"position: relative; left: 0px; top: 0px;\"><div type=\"type_name\" class=\"wdform-field wd-width-100 wd-flex wd-flex-row fm-type_name\" ><div class=\"wdform-label-section wd-width-30 wd-hidden  wd-flex-row\">    <label  for=\"wdform_3_element_first3\" class=\"wdform-label\">Name<\/label><span class=\"wdform-required\"><\/span><\/div><div class=\"wdform-element-section wd-flex  wd-flex-row wd-width-100\" ><div class=\"wd-flex wd-flex-column wd-width-50\"><input type=\"text\" class=\"wd-width-100\" id=\"wdform_3_element_first3\" name=\"wdform_3_element_first3\" data-value=\"\" value=\"\" title=\"\" placeholder=\"\"  \/><label class=\"mini_label\" for=\"wdform_3_element_first3\">Vorname<\/label><\/div><div class=\"wd-flex wd-flex-column wd-name-separator\"><\/div><div class=\"wd-flex wd-flex-column wd-width-50\"><input type=\"text\" class=\"wd-width-100\" id=\"wdform_3_element_last3\" name=\"wdform_3_element_last3\" data-value=\"\" value=\"\" title=\"\" placeholder=\"\"  \/><label class=\"mini_label\" for=\"wdform_3_element_last3\">Nachname<\/label><\/div><\/div><\/div><\/div><\/div><div class=\"wdform_column\"><div wdid=\"17\" class=\"wdform_row\" style=\"position: relative; left: 0px; top: 0px;\"><div type=\"type_date_fields\" class=\"wdform-field wd-width-100 wd-flex wd-flex-column fm-type_date_fields\" ><div class=\"wdform-label-section wd-width-100 wdform_date_fields wd-flex-row\">    <label  for=\"wdform_17_day3\" class=\"wdform-label\">Geburtsdatum<\/label><span class=\"wdform-required\"><\/span><\/div><div class=\"wdform-element-section wd-flex wdform_date_fields wd-flex-row wd-width-100\" ><div class=\"wd-flex wd-flex-row wd-width-100 wd-align-items\"><div class=\"wd-flex wd-flex-column\"><input type=\"number\"\t\t\t\t\t\t\t\t\t\t\t\t\t class=\"wd-type-number wdform_input_day\"\t\t\t\t\t\t\t\t\t\t\t\t\t id=\"wdform_17_day3\"\t\t\t\t\t\t\t\t\t\t\t\t\t name=\"wdform_17_day3\"\t\t\t\t\t\t\t\t\t\t\t\t\t onchange=\"wd_validate(this)\"\t\t\t\t\t\t\t\t\t\t\t\t\t data-addiotional-fields='[\"wdform_17_month3\",\"wdform_17_year3\"]'\t\t\t\t\t\t\t\t\t\t\t\t\t data-valid-type=\"day\"\t\t\t\t\t\t\t\t\t\t\t\t\t data-form-id=\"3\"\t\t\t\t\t\t\t\t\t\t\t\t\t data-wdid=\"17\"\t\t\t\t\t\t\t\t\t\t\t\t\t style=\"width: 60px;\"\t\t\t\t\t\t\t\t\t\t\t\t\t value=\"\"\t\t\t\t\t\t\t\t\t\t\t\t\t \/><label for=\"wdform_17_day3\" class=\"mini_label\">Tag<\/label><\/div><span class=\"wdform_separator\">&nbsp;\/&nbsp;<\/span><div class=\"wd-flex wd-flex-column\"><input type=\"number\"\t\t\t\t\t\t\t\t\t\t\t\t\t\t\tclass=\"wd-type-number wdform_input_month\"\t\t\t\t\t\t\t\t\t\t\t\t\t\t\tid=\"wdform_17_month3\"\t\t\t\t\t\t\t\t\t\t\t\t\t\t\tname=\"wdform_17_month3\"\t\t\t\t\t\t\t\t\t\t\t\t\t\t\tonchange=\"wd_validate(this)\"\t\t\t\t\t\t\t\t\t\t\t\t\t\t\tdata-addiotional-fields='[\"wdform_17_day3\",\"wdform_17_year3\"]'\t\t\t\t\t\t\t\t\t\t\t\t\t\t\tdata-valid-type=\"month\"\t\t\t\t\t\t\t\t\t\t\t\t\t\t\tdata-form-id=\"3\"\t\t\t\t\t\t\t\t\t\t\t\t\t\t\tdata-wdid=\"17\"\t\t\t\t\t\t\t\t\t\t\t\t\t\t\tstyle=\"width: 60px;\"\t\t\t\t\t\t\t\t\t\t\t\t\t\t\tvalue=\"\"\t\t\t\t\t\t\t\t\t\t\t\t\t\t\t \/><label for=\"wdform_17_month3\" class=\"mini_label\">Monat<\/label><\/div><span class=\"wdform_separator\">&nbsp;\/&nbsp;<\/span><div class=\"wd-flex wd-flex-column\"><input type=\"number\"\t\t\t\t\t\t\t\t\t\t\t\t\t\t class=\"wd-type-number  wdform_input_year\"\t\t\t\t\t\t\t\t\t\t\t\t\t\t id=\"wdform_17_year3\"\t\t\t\t\t\t\t\t\t\t\t\t\t\t name=\"wdform_17_year3\"\t\t\t\t\t\t\t\t\t\t\t\t\t\t onchange=\"wd_validate(this)\"\t\t\t\t\t\t\t\t\t\t\t\t\t\t data-addiotional-fields='[\"wdform_17_day3\",\"wdform_17_month3\"]'\t\t\t\t\t\t\t\t\t\t\t\t\t\t data-valid-type=\"year\"\t\t\t\t\t\t\t\t\t\t\t\t\t\t data-form-id=\"3\"\t\t\t\t\t\t\t\t\t\t\t\t\t\t data-wdid=\"17\"\t\t\t\t\t\t\t\t\t\t\t\t\t\t value=\"\"\t\t\t\t\t\t\t\t\t\t\t\t\t\t from=\"1901\"\t\t\t\t\t\t\t\t\t\t\t\t\t\t to=\"2020\"\t\t\t\t\t\t\t\t\t\t\t\t\t\t style=\"width: 80px;\"\t\t\t\t\t\t\t\t\t\t\t\t\t\t  \/><label for=\"wdform_17_year3\" class=\"mini_label\">Jahr<\/label><\/div><\/div><\/div><\/div><\/div><\/div><div class=\"wdform_column\"><div wdid=\"10\" class=\"wdform_row\" style=\"position: relative; left: 0px; top: 0px;\"><div type=\"type_address\" class=\"wdform-field wd-width-100 wd-flex wd-flex-row fm-type_address\" ><div class=\"wdform-label-section wd-width-30 wd-hidden wdform_address wd-flex-column\">    <label  for=\"wdform_10_street13\" class=\"wdform-label\">Adresse<\/label><span class=\"wdform-required\"><\/span><\/div><div class=\"wdform-element-section wd-flex wdform_address wd-flex-column wd-width-100\" ><span class=\"wd-width-100 wd-address\" id=\"wdform_10_address_0\">                <input class=\"wd-width-100 wdform_10_address_0\" type=\"text\" id=\"wdform_10_street13\" name=\"wdform_10_street13\" value=\"\"  attribute=value \/>                <label for=\"wdform_10_street13\" class=\"mini_label\">Stra\u00dfe &amp; Hausnummer<\/label><\/span><span class=\"wd-width-100 wd-flex wd-flex-row wd-flex-wrap wd-justify-content\"><span class=\"wd-width-49 wd-address\" id=\"wdform_10_address_2\">                <input class=\"wd-width-100 wdform_10_address_2\" type=\"text\" id=\"wdform_10_city3\" name=\"wdform_12_city3\" value=\"\"  attribute=value \/>                <label for=\"wdform_10_city3\" class=\"mini_label\">PLZ &amp; Ort<\/label><\/span><\/span><\/div><\/div><\/div><\/div><div class=\"wdform_column\"><div wdid=\"9\" class=\"wdform_row\" style=\"position: relative; left: 0px; top: 0px;\"><div type=\"type_submitter_mail\" class=\"wdform-field wd-width-100 wd-flex wd-flex-column fm-type_submitter_mail\" ><div class=\"wdform-label-section wd-width-100  wd-flex-row\">    <label  for=\"wdform_9_element3\" class=\"wdform-label\">Email Adresse<\/label><span class=\"wdform-required\"><\/span><\/div><div class=\"wdform-element-section wd-flex  wd-flex-row wd-width-100\" ><input type=\"text\" class=\"wd-width-100\" id=\"wdform_9_element3\" name=\"wdform_9_element3\" data-value=\"\" value=\"\" title=\"\" placeholder=\"\"   onchange=\"wd_check_email('9', '3', 'Dies ist keine g\u00fcltige E-Mail-Adresse.')\" \/><\/div><\/div><\/div><\/div><div class=\"wdform_column\"><div wdid=\"20\" class=\"wdform_row\" style=\"position: relative; left: 0px; top: 0px;\"><div type=\"type_text\" class=\"wdform-field wd-width-100 wd-flex wd-flex-column fm-type_text\" ><div class=\"wdform-label-section wd-width-100  wd-flex-row wd-align-items-center\">    <label  for=\"wdform_20_element3\" class=\"wdform-label\">Telefonnummer<\/label><span class=\"wdform-required\"><\/span><\/div><div class=\"wdform-element-section wd-flex  wd-flex-row wd-align-items-center wd-width-100\" ><input type=\"text\"                           class=\"wd-width-100\"                           id=\"wdform_20_element3\"                           name=\"wdform_20_element3\"                           value=\"\"                           data-value=\"\"                           title=\"\"                           placeholder=\"\"                                                       \/><\/div><\/div><\/div><\/div><div class=\"wdform_column\"><div wdid=\"19\" class=\"wdform_row\" style=\"position: relative; left: 0px; top: 0px;\"><div type=\"type_spinner\" class=\"wdform-field wd-width-100 wd-flex wd-flex-column fm-type_spinner\" ><div class=\"wdform-label-section wd-width-100  wd-flex-row\">    <label  for=\"wdform_19_element3\" class=\"wdform-label\">Betrag (min. 60\u20ac)<\/label><span class=\"wdform-required\"><\/span><\/div><div class=\"wdform-element-section wd-flex  wd-flex-row wd-width-100\" ><input                            name=\"wdform_19_element3\"                            id=\"wdform_19_element3\"                            class=\"wd-type-number\"                            onkeyup=\"wd_validate(this)\"                            data-valid-type=\"number\"                            data-form-id=\"3\"                            data-wdid=\"19\"                            style=\"width: 80px;\"                            data-value=\"60\"                            value=\"60\"                             \/><\/div><\/div><\/div><\/div><div class=\"wdform_column\"><div wdid=\"8\" class=\"wdform_row\"><div type=\"type_textarea\" class=\"wdform-field wd-width-100 wd-flex wd-flex-column fm-type_textarea\" ><div class=\"wdform-label-section wd-width-100 \">    <label  for=\"wdform_8_element3\" class=\"wdform-label\">Sonstige Anmerkungen<\/label><\/div><div class=\"wdform-element-section wd-flex  wd-width-100\" ><textarea class=\"wd-width-100\"                      id=\"wdform_8_element3\"                      name=\"wdform_8_element3\"                      placeholder=\"\"                      data-value=\"\"                      maxlength=\"\"                      style=\"height: 100px;\"                      ><\/textarea><\/div><\/div><\/div><\/div><div class=\"wdform_column\"><div wdid=\"1\" class=\"wdform_row\"><div type=\"type_gdpr_compliance_checkbox\" class=\"wdform-field wd-width-100 wd-flex wd-flex-column fm-type_gdpr_compliance_checkbox\" ><div class=\"wdform-element-section wd-flex  wd-flex-row wd-justify-content-left wd-width-100\" ><label for=\"fm_privacy_policy3\" class=\"wdform-label\">                                       <input id=\"fm_privacy_policy3\" name=\"fm_privacy_policy3\" class=\"wd-flex-row fm-gdpr-checkbox\" onclick=\"fm_privacy_policy_check(this)\" type=\"checkbox\" value=\"1\">Ich erkl\u00e4re mich damit einverstanden, alles verstanden zu haben sowie dass diese Daten gesammelt und gem\u00e4\u00df der Datenschutzerkl\u00e4rung dieser Website verarbeitet werden.<\/label><\/div><\/div><div type=\"type_submit_reset\" class=\"wdform-field wd-width-100 wd-flex wd-flex-column fm-type_submit_reset\" ><div class=\"wdform-element-section wd-flex  wd-flex-row wd-justify-content-left wd-width-100\" ><button disabled=\"disabled\" type=\"button\" class=\"button-submit\" onclick=\"fm_submit_form('3');\"  data-ajax=\"0\"><span class=\"fm-submit-loading spinner fm-ico-spinner\"><\/span>Senden<\/button><button  type=\"button\" class=\"button-reset \" onclick=\"fm_reset_form(3);\" >Zur\u00fccksetzen<\/button><\/div><\/div><\/div><\/div><\/div><div valign=\"top\" class=\"wdform_footer wd-width-100\"><div class=\"wd-width-100\"><div class=\"wd-width-100 wd-table\" style=\"padding-top:10px;\"><div class=\"wd-table-group\"><div id=\"3page_nav1\" class=\"wd-table-row\"><\/div><\/div><\/div><\/div><\/div><\/div><\/div><div class=\"wdform_preload\"><\/div><input type=\"hidden\" name=\"fm-current-page\" value=\"https:\/\/www.tierschutzhof-karlsruhe.de\/TSHKAWP\/wp-json\/wp\/v2\/pages\/14749\" \/><\/form><\/div>\n<p><!-- \/wp:paragraph --><\/p>\n<\/div>\n<\/div><\/div>\n<\/div>\n<\/div>\n<\/div>\n<\/div>\n<\/div>\n","protected":false},"excerpt":{"rendered":"","protected":false},"author":29,"featured_media":0,"parent":0,"menu_order":0,"comment_status":"closed","ping_status":"closed","template":"","meta":[],"_links":{"self":[{"href":"https:\/\/www.tierschutzhof-karlsruhe.de\/TSHKAWP\/wp-json\/wp\/v2\/pages\/14749"}],"collection":[{"href":"https:\/\/www.tierschutzhof-karlsruhe.de\/TSHKAWP\/wp-json\/wp\/v2\/pages"}],"about":[{"href":"https:\/\/www.tierschutzhof-karlsruhe.de\/TSHKAWP\/wp-json\/wp\/v2\/types\/page"}],"author":[{"embeddable":true,"href":"https:\/\/www.tierschutzhof-karlsruhe.de\/TSHKAWP\/wp-json\/wp\/v2\/users\/29"}],"replies":[{"embeddable":true,"href":"https:\/\/www.tierschutzhof-karlsruhe.de\/TSHKAWP\/wp-json\/wp\/v2\/comments?post=14749"}],"version-history":[{"count":6,"href":"https:\/\/www.tierschutzhof-karlsruhe.de\/TSHKAWP\/wp-json\/wp\/v2\/pages\/14749\/revisions"}],"predecessor-version":[{"id":16073,"href":"https:\/\/www.tierschutzhof-karlsruhe.de\/TSHKAWP\/wp-json\/wp\/v2\/pages\/14749\/revisions\/16073"}],"wp:attachment":[{"href":"https:\/\/www.tierschutzhof-karlsruhe.de\/TSHKAWP\/wp-json\/wp\/v2\/media?parent=14749"}],"curies":[{"name":"wp","href":"https:\/\/api.w.org\/{rel}","templated":true}]}}