{"id":14904,"date":"2019-12-07T16:14:09","date_gmt":"2019-12-07T16:14:09","guid":{"rendered":"https:\/\/www.tierschutzhof-karlsruhe.de\/TSHKAWP\/?page_id=14904"},"modified":"2019-12-07T17:17:51","modified_gmt":"2019-12-07T17:17:51","slug":"regenbogenbruecke","status":"publish","type":"page","link":"https:\/\/www.tierschutzhof-karlsruhe.de\/TSHKAWP\/regenbogenbruecke\/","title":{"rendered":"Regenbogenbr\u00fccke"},"content":{"rendered":"<div id=\"cmsmasters_row_vlsnm3obfb\" class=\"cmsmasters_row cmsmasters_color_scheme_default cmsmasters_row_top_default cmsmasters_row_bot_default cmsmasters_row_boxed\">\n<div class=\"cmsmasters_row_outer_parent\">\n<div class=\"cmsmasters_row_outer\">\n<div class=\"cmsmasters_row_inner\">\n<div class=\"cmsmasters_row_margin\">\n<div id=\"cmsmasters_column_mapqvp5ij\" class=\"cmsmasters_column one_first\">\n<div class=\"cmsmasters_column_inner\"><div class=\"cmsmasters_text\">\n<p style=\"text-align: center;\">\n<p style=\"text-align: center;\">Du warst als Hund der beste Mensch,<br \/>\nden man zum Freund haben konnte.<\/p>\n<\/div>\n<\/div><\/div>\n<\/div>\n<\/div>\n<\/div>\n<\/div>\n<\/div>\n<div id=\"cmsmasters_row_e8m1sda5l\" class=\"cmsmasters_row cmsmasters_color_scheme_default cmsmasters_row_top_default cmsmasters_row_bot_default cmsmasters_row_boxed\">\n<div class=\"cmsmasters_row_outer_parent\">\n<div class=\"cmsmasters_row_outer\">\n<div class=\"cmsmasters_row_inner\">\n<div class=\"cmsmasters_row_margin\">\n<div id=\"cmsmasters_column_58eoifi6kn\" class=\"cmsmasters_column one_first\">\n<div class=\"cmsmasters_column_inner\"><div class=\"cmsmasters_tabs tabs_mode_tab\">\n<ul class=\"cmsmasters_tabs_list\">\n<li id=\"cmsmasters_tabs_list_item_1fsp1cwp3l\" class=\"cmsmasters_tabs_list_item current_tab\">\n<a href=\"#\">\n<span>Regenbogenbr\u00fccke<\/span>\n<\/a>\n<\/li><\/ul>\n<div class=\"cmsmasters_tabs_wrap\">\n<div id=\"cmsmasters_tab_1fsp1cwp3l\" class=\"cmsmasters_tab active_tab\">\n<div class=\"cmsmasters_tab_inner\">\n<div id=\"portfolio_3hovc9rk6f\" class=\"cmsmasters_wrap_portfolio entry-summary\" data-layout=\"puzzle\" data-layout-mode=\"perfect\" data-url=\"https:\/\/www.tierschutzhof-karlsruhe.de\/TSHKAWP\/wp-content\/plugins\/cmsmasters-content-composer\/\" data-orderby=\"date\" data-order=\"DESC\" data-count=\"8\" data-categories=\"regenbogen\" data-metadata=\"title\"><div class=\"portfolio puzzle  cmsmasters_portfolio_puzzle_style_1 large_gap perfect\"><!-- Start Project Puzzle Article -->\r\n<article id=\"post-17447\" class=\"cmsmasters_project_puzzle one_x_one post-17447 project type-project status-publish format-standard has-post-thumbnail hentry pj-categs-regenbogen pj-tags-hund pj-tags-maennlich\" data-category=\"regenbogen\">\r\n\t<div class=\"project_outer\">\r\n\t<figure class=\"cmsmasters_img_rollover_wrap preloader\"><img width=\"1066\" height=\"1066\" src=\"https:\/\/www.tierschutzhof-karlsruhe.de\/TSHKAWP\/wp-content\/uploads\/2021\/03\/bakudaeinszueins.jpg\" class=\"full-width wp-post-image\" alt=\"Bakuda\" title=\"Bakuda\" srcset=\"https:\/\/www.tierschutzhof-karlsruhe.de\/TSHKAWP\/wp-content\/uploads\/2021\/03\/bakudaeinszueins.jpg 1066w, https:\/\/www.tierschutzhof-karlsruhe.de\/TSHKAWP\/wp-content\/uploads\/2021\/03\/bakudaeinszueins-300x300.jpg 300w, https:\/\/www.tierschutzhof-karlsruhe.de\/TSHKAWP\/wp-content\/uploads\/2021\/03\/bakudaeinszueins-1024x1024.jpg 1024w, https:\/\/www.tierschutzhof-karlsruhe.de\/TSHKAWP\/wp-content\/uploads\/2021\/03\/bakudaeinszueins-150x150.jpg 150w, https:\/\/www.tierschutzhof-karlsruhe.de\/TSHKAWP\/wp-content\/uploads\/2021\/03\/bakudaeinszueins-768x768.jpg 768w, https:\/\/www.tierschutzhof-karlsruhe.de\/TSHKAWP\/wp-content\/uploads\/2021\/03\/bakudaeinszueins-60x60.jpg 60w, https:\/\/www.tierschutzhof-karlsruhe.de\/TSHKAWP\/wp-content\/uploads\/2021\/03\/bakudaeinszueins-500x500.jpg 500w, https:\/\/www.tierschutzhof-karlsruhe.de\/TSHKAWP\/wp-content\/uploads\/2021\/03\/bakudaeinszueins-580x580.jpg 580w, https:\/\/www.tierschutzhof-karlsruhe.de\/TSHKAWP\/wp-content\/uploads\/2021\/03\/bakudaeinszueins-860x860.jpg 860w\" sizes=\"(max-width: 1066px) 100vw, 1066px\" \/><div class=\"cmsmasters_img_rollover\"><\/div><\/figure><div class=\"project_inner\"><div class=\"project_inner_cont\"><span class=\"cmsmasters_project_cont_icon cmsmasters-icon-paw\"><\/span><header class=\"cmsmasters_project_header entry-header\"><h5 class=\"cmsmasters_project_title entry-title\"><a href=\"https:\/\/www.tierschutzhof-karlsruhe.de\/TSHKAWP\/pet\/bakuda\/\">Bakuda<\/a><\/h5><\/header><span class=\"cmsmasters_project_line dn\"><\/span><\/div><\/div><span class=\"dn meta-date\">20210318202732<\/span>\t<\/div>\r\n<\/article>\r\n<!-- Finish Project Puzzle Article -->\r\n\r\n<!-- Start Project Puzzle Article -->\r\n<article id=\"post-16913\" class=\"cmsmasters_project_puzzle one_x_one post-16913 project type-project status-publish format-standard has-post-thumbnail hentry pj-categs-regenbogen pj-tags-hund pj-tags-maennlich\" data-category=\"regenbogen\">\r\n\t<div class=\"project_outer\">\r\n\t<figure class=\"cmsmasters_img_rollover_wrap preloader\"><img width=\"1066\" height=\"1066\" src=\"https:\/\/www.tierschutzhof-karlsruhe.de\/TSHKAWP\/wp-content\/uploads\/2020\/11\/WhatsApp-Image-2020-11-24-at-16.59.11-1-1.jpeg\" class=\"full-width wp-post-image\" alt=\"Humphrey\" title=\"Humphrey\" srcset=\"https:\/\/www.tierschutzhof-karlsruhe.de\/TSHKAWP\/wp-content\/uploads\/2020\/11\/WhatsApp-Image-2020-11-24-at-16.59.11-1-1.jpeg 1066w, https:\/\/www.tierschutzhof-karlsruhe.de\/TSHKAWP\/wp-content\/uploads\/2020\/11\/WhatsApp-Image-2020-11-24-at-16.59.11-1-1-300x300.jpeg 300w, https:\/\/www.tierschutzhof-karlsruhe.de\/TSHKAWP\/wp-content\/uploads\/2020\/11\/WhatsApp-Image-2020-11-24-at-16.59.11-1-1-1024x1024.jpeg 1024w, https:\/\/www.tierschutzhof-karlsruhe.de\/TSHKAWP\/wp-content\/uploads\/2020\/11\/WhatsApp-Image-2020-11-24-at-16.59.11-1-1-150x150.jpeg 150w, https:\/\/www.tierschutzhof-karlsruhe.de\/TSHKAWP\/wp-content\/uploads\/2020\/11\/WhatsApp-Image-2020-11-24-at-16.59.11-1-1-768x768.jpeg 768w, https:\/\/www.tierschutzhof-karlsruhe.de\/TSHKAWP\/wp-content\/uploads\/2020\/11\/WhatsApp-Image-2020-11-24-at-16.59.11-1-1-60x60.jpeg 60w, https:\/\/www.tierschutzhof-karlsruhe.de\/TSHKAWP\/wp-content\/uploads\/2020\/11\/WhatsApp-Image-2020-11-24-at-16.59.11-1-1-500x500.jpeg 500w, https:\/\/www.tierschutzhof-karlsruhe.de\/TSHKAWP\/wp-content\/uploads\/2020\/11\/WhatsApp-Image-2020-11-24-at-16.59.11-1-1-580x580.jpeg 580w, https:\/\/www.tierschutzhof-karlsruhe.de\/TSHKAWP\/wp-content\/uploads\/2020\/11\/WhatsApp-Image-2020-11-24-at-16.59.11-1-1-860x860.jpeg 860w\" sizes=\"(max-width: 1066px) 100vw, 1066px\" \/><div class=\"cmsmasters_img_rollover\"><\/div><\/figure><div class=\"project_inner\"><div class=\"project_inner_cont\"><span class=\"cmsmasters_project_cont_icon cmsmasters-icon-paw\"><\/span><header class=\"cmsmasters_project_header entry-header\"><h5 class=\"cmsmasters_project_title entry-title\"><a href=\"https:\/\/www.tierschutzhof-karlsruhe.de\/TSHKAWP\/pet\/humphrey\/\">Humphrey<\/a><\/h5><\/header><span class=\"cmsmasters_project_line dn\"><\/span><\/div><\/div><span class=\"dn meta-date\">20201124180617<\/span>\t<\/div>\r\n<\/article>\r\n<!-- Finish Project Puzzle Article -->\r\n\r\n<!-- Start Project Puzzle Article -->\r\n<article id=\"post-16091\" class=\"cmsmasters_project_puzzle one_x_one post-16091 project type-project status-publish format-standard has-post-thumbnail hentry pj-categs-regenbogen pj-tags-hund pj-tags-maennlich\" data-category=\"regenbogen\">\r\n\t<div class=\"project_outer\">\r\n\t<figure class=\"cmsmasters_img_rollover_wrap preloader\"><img width=\"2560\" height=\"2560\" src=\"https:\/\/www.tierschutzhof-karlsruhe.de\/TSHKAWP\/wp-content\/uploads\/2020\/05\/Karl_quadrat-scaled.jpg\" class=\"full-width\" alt=\"Karl\" title=\"Karl\" srcset=\"https:\/\/www.tierschutzhof-karlsruhe.de\/TSHKAWP\/wp-content\/uploads\/2020\/05\/Karl_quadrat-scaled.jpg 2560w, https:\/\/www.tierschutzhof-karlsruhe.de\/TSHKAWP\/wp-content\/uploads\/2020\/05\/Karl_quadrat-300x300.jpg 300w, https:\/\/www.tierschutzhof-karlsruhe.de\/TSHKAWP\/wp-content\/uploads\/2020\/05\/Karl_quadrat-1024x1024.jpg 1024w, https:\/\/www.tierschutzhof-karlsruhe.de\/TSHKAWP\/wp-content\/uploads\/2020\/05\/Karl_quadrat-150x150.jpg 150w, https:\/\/www.tierschutzhof-karlsruhe.de\/TSHKAWP\/wp-content\/uploads\/2020\/05\/Karl_quadrat-768x768.jpg 768w, https:\/\/www.tierschutzhof-karlsruhe.de\/TSHKAWP\/wp-content\/uploads\/2020\/05\/Karl_quadrat-1536x1536.jpg 1536w, https:\/\/www.tierschutzhof-karlsruhe.de\/TSHKAWP\/wp-content\/uploads\/2020\/05\/Karl_quadrat-2048x2048.jpg 2048w, https:\/\/www.tierschutzhof-karlsruhe.de\/TSHKAWP\/wp-content\/uploads\/2020\/05\/Karl_quadrat-60x60.jpg 60w, https:\/\/www.tierschutzhof-karlsruhe.de\/TSHKAWP\/wp-content\/uploads\/2020\/05\/Karl_quadrat-500x500.jpg 500w, https:\/\/www.tierschutzhof-karlsruhe.de\/TSHKAWP\/wp-content\/uploads\/2020\/05\/Karl_quadrat-580x580.jpg 580w, https:\/\/www.tierschutzhof-karlsruhe.de\/TSHKAWP\/wp-content\/uploads\/2020\/05\/Karl_quadrat-860x860.jpg 860w, https:\/\/www.tierschutzhof-karlsruhe.de\/TSHKAWP\/wp-content\/uploads\/2020\/05\/Karl_quadrat-1160x1160.jpg 1160w\" sizes=\"(max-width: 2560px) 100vw, 2560px\" \/><div class=\"cmsmasters_img_rollover\"><\/div><\/figure><div class=\"project_inner\"><div class=\"project_inner_cont\"><span class=\"cmsmasters_project_cont_icon cmsmasters-icon-paw\"><\/span><header class=\"cmsmasters_project_header entry-header\"><h5 class=\"cmsmasters_project_title entry-title\"><a href=\"https:\/\/www.tierschutzhof-karlsruhe.de\/TSHKAWP\/pet\/tiervorlage1-6\/\">Karl<\/a><\/h5><\/header><span class=\"cmsmasters_project_line dn\"><\/span><\/div><\/div><span class=\"dn meta-date\">20200524092438<\/span>\t<\/div>\r\n<\/article>\r\n<!-- Finish Project Puzzle Article -->\r\n\r\n<!-- Start Project Puzzle Article -->\r\n<article id=\"post-16111\" class=\"cmsmasters_project_puzzle one_x_one post-16111 project type-project status-publish format-standard has-post-thumbnail hentry pj-categs-regenbogen pj-tags-hund pj-tags-maennlich\" data-category=\"regenbogen\">\r\n\t<div class=\"project_outer\">\r\n\t<figure class=\"cmsmasters_img_rollover_wrap preloader\"><img width=\"2560\" height=\"2560\" src=\"https:\/\/www.tierschutzhof-karlsruhe.de\/TSHKAWP\/wp-content\/uploads\/2020\/04\/panda-quadrat-scaled.jpg\" class=\"full-width\" alt=\"Panda\" title=\"Panda\" srcset=\"https:\/\/www.tierschutzhof-karlsruhe.de\/TSHKAWP\/wp-content\/uploads\/2020\/04\/panda-quadrat-scaled.jpg 2560w, https:\/\/www.tierschutzhof-karlsruhe.de\/TSHKAWP\/wp-content\/uploads\/2020\/04\/panda-quadrat-300x300.jpg 300w, https:\/\/www.tierschutzhof-karlsruhe.de\/TSHKAWP\/wp-content\/uploads\/2020\/04\/panda-quadrat-1024x1024.jpg 1024w, https:\/\/www.tierschutzhof-karlsruhe.de\/TSHKAWP\/wp-content\/uploads\/2020\/04\/panda-quadrat-150x150.jpg 150w, https:\/\/www.tierschutzhof-karlsruhe.de\/TSHKAWP\/wp-content\/uploads\/2020\/04\/panda-quadrat-768x768.jpg 768w, https:\/\/www.tierschutzhof-karlsruhe.de\/TSHKAWP\/wp-content\/uploads\/2020\/04\/panda-quadrat-1536x1536.jpg 1536w, https:\/\/www.tierschutzhof-karlsruhe.de\/TSHKAWP\/wp-content\/uploads\/2020\/04\/panda-quadrat-2048x2048.jpg 2048w, https:\/\/www.tierschutzhof-karlsruhe.de\/TSHKAWP\/wp-content\/uploads\/2020\/04\/panda-quadrat-60x60.jpg 60w, https:\/\/www.tierschutzhof-karlsruhe.de\/TSHKAWP\/wp-content\/uploads\/2020\/04\/panda-quadrat-500x500.jpg 500w, https:\/\/www.tierschutzhof-karlsruhe.de\/TSHKAWP\/wp-content\/uploads\/2020\/04\/panda-quadrat-580x580.jpg 580w, https:\/\/www.tierschutzhof-karlsruhe.de\/TSHKAWP\/wp-content\/uploads\/2020\/04\/panda-quadrat-860x860.jpg 860w, https:\/\/www.tierschutzhof-karlsruhe.de\/TSHKAWP\/wp-content\/uploads\/2020\/04\/panda-quadrat-1160x1160.jpg 1160w\" sizes=\"(max-width: 2560px) 100vw, 2560px\" \/><div class=\"cmsmasters_img_rollover\"><\/div><\/figure><div class=\"project_inner\"><div class=\"project_inner_cont\"><span class=\"cmsmasters_project_cont_icon cmsmasters-icon-paw\"><\/span><header class=\"cmsmasters_project_header entry-header\"><h5 class=\"cmsmasters_project_title entry-title\"><a href=\"https:\/\/www.tierschutzhof-karlsruhe.de\/TSHKAWP\/pet\/vorlagevermitteltehunde-4-14\/\">Panda<\/a><\/h5><\/header><span class=\"cmsmasters_project_line dn\"><\/span><\/div><\/div><span class=\"dn meta-date\">20200424082521<\/span>\t<\/div>\r\n<\/article>\r\n<!-- Finish Project Puzzle Article -->\r\n\r\n<!-- Start Project Puzzle Article -->\r\n<article id=\"post-15885\" class=\"cmsmasters_project_puzzle one_x_one post-15885 project type-project status-publish format-standard has-post-thumbnail hentry pj-categs-regenbogen pj-tags-hund pj-tags-maennlich\" data-category=\"regenbogen\">\r\n\t<div class=\"project_outer\">\r\n\t<figure class=\"cmsmasters_img_rollover_wrap preloader\"><img width=\"2560\" height=\"2560\" src=\"https:\/\/www.tierschutzhof-karlsruhe.de\/TSHKAWP\/wp-content\/uploads\/2020\/03\/DSC_0535-quadrat-scaled.jpg\" class=\"full-width\" alt=\"Denzel\" title=\"Denzel\" srcset=\"https:\/\/www.tierschutzhof-karlsruhe.de\/TSHKAWP\/wp-content\/uploads\/2020\/03\/DSC_0535-quadrat-scaled.jpg 2560w, https:\/\/www.tierschutzhof-karlsruhe.de\/TSHKAWP\/wp-content\/uploads\/2020\/03\/DSC_0535-quadrat-300x300.jpg 300w, https:\/\/www.tierschutzhof-karlsruhe.de\/TSHKAWP\/wp-content\/uploads\/2020\/03\/DSC_0535-quadrat-1024x1024.jpg 1024w, https:\/\/www.tierschutzhof-karlsruhe.de\/TSHKAWP\/wp-content\/uploads\/2020\/03\/DSC_0535-quadrat-150x150.jpg 150w, https:\/\/www.tierschutzhof-karlsruhe.de\/TSHKAWP\/wp-content\/uploads\/2020\/03\/DSC_0535-quadrat-768x768.jpg 768w, https:\/\/www.tierschutzhof-karlsruhe.de\/TSHKAWP\/wp-content\/uploads\/2020\/03\/DSC_0535-quadrat-1536x1536.jpg 1536w, https:\/\/www.tierschutzhof-karlsruhe.de\/TSHKAWP\/wp-content\/uploads\/2020\/03\/DSC_0535-quadrat-2048x2048.jpg 2048w, https:\/\/www.tierschutzhof-karlsruhe.de\/TSHKAWP\/wp-content\/uploads\/2020\/03\/DSC_0535-quadrat-60x60.jpg 60w, https:\/\/www.tierschutzhof-karlsruhe.de\/TSHKAWP\/wp-content\/uploads\/2020\/03\/DSC_0535-quadrat-500x500.jpg 500w, https:\/\/www.tierschutzhof-karlsruhe.de\/TSHKAWP\/wp-content\/uploads\/2020\/03\/DSC_0535-quadrat-580x580.jpg 580w, https:\/\/www.tierschutzhof-karlsruhe.de\/TSHKAWP\/wp-content\/uploads\/2020\/03\/DSC_0535-quadrat-860x860.jpg 860w, https:\/\/www.tierschutzhof-karlsruhe.de\/TSHKAWP\/wp-content\/uploads\/2020\/03\/DSC_0535-quadrat-1160x1160.jpg 1160w, https:\/\/www.tierschutzhof-karlsruhe.de\/TSHKAWP\/wp-content\/uploads\/2020\/03\/DSC_0535-quadrat-540x540.jpg 540w, https:\/\/www.tierschutzhof-karlsruhe.de\/TSHKAWP\/wp-content\/uploads\/2020\/03\/DSC_0535-quadrat-600x600.jpg 600w, https:\/\/www.tierschutzhof-karlsruhe.de\/TSHKAWP\/wp-content\/uploads\/2020\/03\/DSC_0535-quadrat-100x100.jpg 100w\" sizes=\"(max-width: 2560px) 100vw, 2560px\" \/><div class=\"cmsmasters_img_rollover\"><\/div><\/figure><div class=\"project_inner\"><div class=\"project_inner_cont\"><span class=\"cmsmasters_project_cont_icon cmsmasters-icon-paw\"><\/span><header class=\"cmsmasters_project_header entry-header\"><h5 class=\"cmsmasters_project_title entry-title\"><a href=\"https:\/\/www.tierschutzhof-karlsruhe.de\/TSHKAWP\/pet\/denzel\/\">Denzel<\/a><\/h5><\/header><span class=\"cmsmasters_project_line dn\"><\/span><\/div><\/div><span class=\"dn meta-date\">20200325093857<\/span>\t<\/div>\r\n<\/article>\r\n<!-- Finish Project Puzzle Article -->\r\n\r\n<!-- Start Project Puzzle Article -->\r\n<article id=\"post-15603\" class=\"cmsmasters_project_puzzle one_x_one post-15603 project type-project status-publish format-standard has-post-thumbnail hentry pj-categs-regenbogen pj-tags-hund\" data-category=\"regenbogen\">\r\n\t<div class=\"project_outer\">\r\n\t<figure class=\"cmsmasters_img_rollover_wrap preloader\"><img width=\"720\" height=\"720\" src=\"https:\/\/www.tierschutzhof-karlsruhe.de\/TSHKAWP\/wp-content\/uploads\/2020\/01\/asco.jpg\" class=\"full-width\" alt=\"Asco\" title=\"Asco\" srcset=\"https:\/\/www.tierschutzhof-karlsruhe.de\/TSHKAWP\/wp-content\/uploads\/2020\/01\/asco.jpg 720w, https:\/\/www.tierschutzhof-karlsruhe.de\/TSHKAWP\/wp-content\/uploads\/2020\/01\/asco-300x300.jpg 300w, https:\/\/www.tierschutzhof-karlsruhe.de\/TSHKAWP\/wp-content\/uploads\/2020\/01\/asco-150x150.jpg 150w, https:\/\/www.tierschutzhof-karlsruhe.de\/TSHKAWP\/wp-content\/uploads\/2020\/01\/asco-60x60.jpg 60w, https:\/\/www.tierschutzhof-karlsruhe.de\/TSHKAWP\/wp-content\/uploads\/2020\/01\/asco-500x500.jpg 500w, https:\/\/www.tierschutzhof-karlsruhe.de\/TSHKAWP\/wp-content\/uploads\/2020\/01\/asco-580x580.jpg 580w, https:\/\/www.tierschutzhof-karlsruhe.de\/TSHKAWP\/wp-content\/uploads\/2020\/01\/asco-540x540.jpg 540w, https:\/\/www.tierschutzhof-karlsruhe.de\/TSHKAWP\/wp-content\/uploads\/2020\/01\/asco-600x600.jpg 600w, https:\/\/www.tierschutzhof-karlsruhe.de\/TSHKAWP\/wp-content\/uploads\/2020\/01\/asco-100x100.jpg 100w\" sizes=\"(max-width: 720px) 100vw, 720px\" \/><div class=\"cmsmasters_img_rollover\"><\/div><\/figure><div class=\"project_inner\"><div class=\"project_inner_cont\"><span class=\"cmsmasters_project_cont_icon cmsmasters-icon-paw\"><\/span><header class=\"cmsmasters_project_header entry-header\"><h5 class=\"cmsmasters_project_title entry-title\"><a href=\"https:\/\/www.tierschutzhof-karlsruhe.de\/TSHKAWP\/pet\/vorlagevermitteltehunde-4-4-2-2\/\">Asco<\/a><\/h5><\/header><span class=\"cmsmasters_project_line dn\"><\/span><\/div><\/div><span class=\"dn meta-date\">20200115131021<\/span>\t<\/div>\r\n<\/article>\r\n<!-- Finish Project Puzzle Article -->\r\n\r\n<!-- Start Project Puzzle Article -->\r\n<article id=\"post-15590\" class=\"cmsmasters_project_puzzle one_x_one post-15590 project type-project status-publish format-standard has-post-thumbnail hentry pj-categs-regenbogen pj-tags-hund\" data-category=\"regenbogen\">\r\n\t<div class=\"project_outer\">\r\n\t<figure class=\"cmsmasters_img_rollover_wrap preloader\"><img width=\"720\" height=\"720\" src=\"https:\/\/www.tierschutzhof-karlsruhe.de\/TSHKAWP\/wp-content\/uploads\/2020\/01\/millo.jpg\" class=\"full-width\" alt=\"Millowitsch\" title=\"Millowitsch\" srcset=\"https:\/\/www.tierschutzhof-karlsruhe.de\/TSHKAWP\/wp-content\/uploads\/2020\/01\/millo.jpg 720w, https:\/\/www.tierschutzhof-karlsruhe.de\/TSHKAWP\/wp-content\/uploads\/2020\/01\/millo-300x300.jpg 300w, https:\/\/www.tierschutzhof-karlsruhe.de\/TSHKAWP\/wp-content\/uploads\/2020\/01\/millo-150x150.jpg 150w, https:\/\/www.tierschutzhof-karlsruhe.de\/TSHKAWP\/wp-content\/uploads\/2020\/01\/millo-60x60.jpg 60w, https:\/\/www.tierschutzhof-karlsruhe.de\/TSHKAWP\/wp-content\/uploads\/2020\/01\/millo-500x500.jpg 500w, https:\/\/www.tierschutzhof-karlsruhe.de\/TSHKAWP\/wp-content\/uploads\/2020\/01\/millo-580x580.jpg 580w, https:\/\/www.tierschutzhof-karlsruhe.de\/TSHKAWP\/wp-content\/uploads\/2020\/01\/millo-540x540.jpg 540w, https:\/\/www.tierschutzhof-karlsruhe.de\/TSHKAWP\/wp-content\/uploads\/2020\/01\/millo-600x600.jpg 600w, https:\/\/www.tierschutzhof-karlsruhe.de\/TSHKAWP\/wp-content\/uploads\/2020\/01\/millo-100x100.jpg 100w\" sizes=\"(max-width: 720px) 100vw, 720px\" \/><div class=\"cmsmasters_img_rollover\"><\/div><\/figure><div class=\"project_inner\"><div class=\"project_inner_cont\"><span class=\"cmsmasters_project_cont_icon cmsmasters-icon-paw\"><\/span><header class=\"cmsmasters_project_header entry-header\"><h5 class=\"cmsmasters_project_title entry-title\"><a href=\"https:\/\/www.tierschutzhof-karlsruhe.de\/TSHKAWP\/pet\/vorlagevermitteltehunde-4-4-2\/\">Millowitsch<\/a><\/h5><\/header><span class=\"cmsmasters_project_line dn\"><\/span><\/div><\/div><span class=\"dn meta-date\">20200115125049<\/span>\t<\/div>\r\n<\/article>\r\n<!-- Finish Project Puzzle Article -->\r\n\r\n<!-- Start Project Puzzle Article -->\r\n<article id=\"post-15582\" class=\"cmsmasters_project_puzzle one_x_one post-15582 project type-project status-publish format-standard has-post-thumbnail hentry pj-categs-regenbogen pj-tags-hund\" data-category=\"regenbogen\">\r\n\t<div class=\"project_outer\">\r\n\t<figure class=\"cmsmasters_img_rollover_wrap preloader\"><img width=\"743\" height=\"743\" src=\"https:\/\/www.tierschutzhof-karlsruhe.de\/TSHKAWP\/wp-content\/uploads\/2020\/01\/madi.jpg\" class=\"full-width\" alt=\"Madilyn\" title=\"Madilyn\" srcset=\"https:\/\/www.tierschutzhof-karlsruhe.de\/TSHKAWP\/wp-content\/uploads\/2020\/01\/madi.jpg 743w, https:\/\/www.tierschutzhof-karlsruhe.de\/TSHKAWP\/wp-content\/uploads\/2020\/01\/madi-300x300.jpg 300w, https:\/\/www.tierschutzhof-karlsruhe.de\/TSHKAWP\/wp-content\/uploads\/2020\/01\/madi-150x150.jpg 150w, https:\/\/www.tierschutzhof-karlsruhe.de\/TSHKAWP\/wp-content\/uploads\/2020\/01\/madi-60x60.jpg 60w, https:\/\/www.tierschutzhof-karlsruhe.de\/TSHKAWP\/wp-content\/uploads\/2020\/01\/madi-500x500.jpg 500w, https:\/\/www.tierschutzhof-karlsruhe.de\/TSHKAWP\/wp-content\/uploads\/2020\/01\/madi-580x580.jpg 580w, https:\/\/www.tierschutzhof-karlsruhe.de\/TSHKAWP\/wp-content\/uploads\/2020\/01\/madi-540x540.jpg 540w, https:\/\/www.tierschutzhof-karlsruhe.de\/TSHKAWP\/wp-content\/uploads\/2020\/01\/madi-600x600.jpg 600w, https:\/\/www.tierschutzhof-karlsruhe.de\/TSHKAWP\/wp-content\/uploads\/2020\/01\/madi-100x100.jpg 100w\" sizes=\"(max-width: 743px) 100vw, 743px\" \/><div class=\"cmsmasters_img_rollover\"><\/div><\/figure><div class=\"project_inner\"><div class=\"project_inner_cont\"><span class=\"cmsmasters_project_cont_icon cmsmasters-icon-paw\"><\/span><header class=\"cmsmasters_project_header entry-header\"><h5 class=\"cmsmasters_project_title entry-title\"><a href=\"https:\/\/www.tierschutzhof-karlsruhe.de\/TSHKAWP\/pet\/vorlagevermitteltehunde-4-4\/\">Madilyn<\/a><\/h5><\/header><span class=\"cmsmasters_project_line dn\"><\/span><\/div><\/div><span class=\"dn meta-date\">20200115123902<\/span>\t<\/div>\r\n<\/article>\r\n<!-- Finish Project Puzzle Article -->\r\n\r\n<\/div><div class=\"cmsmasters_wrap_more_projects cmsmasters_wrap_more_items\"><\/div><\/div>\n<\/div>\n<\/div><\/div>\n<\/div>\n<\/div><\/div>\n<\/div>\n<\/div>\n<\/div>\n<\/div>\n<\/div>\n<div id=\"cmsmasters_row_u0vnl8woh\" class=\"cmsmasters_row cmsmasters_color_scheme_default cmsmasters_row_top_default cmsmasters_row_bot_default cmsmasters_row_boxed\">\n<div class=\"cmsmasters_row_outer_parent\">\n<div class=\"cmsmasters_row_outer\">\n<div class=\"cmsmasters_row_inner\">\n<div class=\"cmsmasters_row_margin\">\n<div id=\"cmsmasters_column_sb72t4t8yq\" class=\"cmsmasters_column one_first\">\n<div class=\"cmsmasters_column_inner\"><div class=\"cmsmasters_text\" data-animation=\"fadeIn\" data-delay=\"1000\">\n<p>Es gibt eine Br\u00fccke, die den Himmel und die Erde verbindet. Weil sie so viele Farben hat, nennt man sie die Regenbogenbr\u00fccke. Jenseits dieser Br\u00fccke liegt ein wundersch\u00f6nes Land mit bl\u00fchenden Wiesen, mit saftigem gr\u00fcnen Gras und traumhaften W\u00e4ldern.<\/p>\n<h1>Die Regenbogenbr\u00fccke<\/h1>\n<p>Wenn ein geliebtes Tier die Erde f\u00fcr immer verlassen muss, gelangt es zu diesem wundervollen Ort. Dort gibt es immer reichlich zu fressen und zu trinken, und das Wetter ist immer so sch\u00f6n und warm wie im Fr\u00fchling.<\/p>\n<p>Die alten Tiere werden dort wieder jung und die kranken Tiere wieder gesund. Den ganzen Tag toben sie vergn\u00fcgt zusammen herum. Nur eines fehlt ihnen zu ihrem vollkommenen Gl\u00fcck: Sie sind nicht mit ihren Menschen zusammen, die sie auf der Erde so geliebt haben.<\/p>\n<p>So rennen und spielen sie jeden Tag miteinander, bis eines Tages eines von ihnen pl\u00f6tzlich inneh\u00e4lt und gespannt aufsieht. Seine Nase nimmt Witterung auf, seine Ohren stellen sich auf, und die Augen werden ganz gro\u00df. Es tritt aus der Gruppe heraus und rennt dann los \u00fcber das gr\u00fcne Gras. Es wird schneller und schneller, denn es hat Dich gesehen!<\/p>\n<p>Und wenn Du und Dein geliebtes Tier sich treffen, gibt es eine Wiedersehensfreude, die nicht enden will. Du nimmst es in Deine Arme und h\u00e4ltst es fest umschlungen. Dein Gesicht wird wieder und wieder von ihm gek\u00fcsst, deine H\u00e4nde streicheln \u00fcber sein sch\u00f6nes weiches Fell, und Du siehst endlich wieder in die Augen Deines geliebten Freundes, der so lange aus Deinem Leben verschwunden war, aber niemals aus Deinem Herzen.<\/p>\n<p>Dann \u00fcberquert ihr gemeinsam die Regenbogenbr\u00fccke und werdet von nun an niemals mehr getrennt sein&#8230;<\/p>\n<\/div>\n<\/div><\/div>\n<\/div>\n<\/div>\n<\/div>\n<\/div>\n<\/div>\n\n","protected":false},"excerpt":{"rendered":"","protected":false},"author":4,"featured_media":0,"parent":0,"menu_order":0,"comment_status":"closed","ping_status":"closed","template":"","meta":[],"_links":{"self":[{"href":"https:\/\/www.tierschutzhof-karlsruhe.de\/TSHKAWP\/wp-json\/wp\/v2\/pages\/14904"}],"collection":[{"href":"https:\/\/www.tierschutzhof-karlsruhe.de\/TSHKAWP\/wp-json\/wp\/v2\/pages"}],"about":[{"href":"https:\/\/www.tierschutzhof-karlsruhe.de\/TSHKAWP\/wp-json\/wp\/v2\/types\/page"}],"author":[{"embeddable":true,"href":"https:\/\/www.tierschutzhof-karlsruhe.de\/TSHKAWP\/wp-json\/wp\/v2\/users\/4"}],"replies":[{"embeddable":true,"href":"https:\/\/www.tierschutzhof-karlsruhe.de\/TSHKAWP\/wp-json\/wp\/v2\/comments?post=14904"}],"version-history":[{"count":7,"href":"https:\/\/www.tierschutzhof-karlsruhe.de\/TSHKAWP\/wp-json\/wp\/v2\/pages\/14904\/revisions"}],"predecessor-version":[{"id":14924,"href":"https:\/\/www.tierschutzhof-karlsruhe.de\/TSHKAWP\/wp-json\/wp\/v2\/pages\/14904\/revisions\/14924"}],"wp:attachment":[{"href":"https:\/\/www.tierschutzhof-karlsruhe.de\/TSHKAWP\/wp-json\/wp\/v2\/media?parent=14904"}],"curies":[{"name":"wp","href":"https:\/\/api.w.org\/{rel}","templated":true}]}}