{"id":15039,"date":"2019-12-15T17:16:19","date_gmt":"2019-12-15T17:16:19","guid":{"rendered":"https:\/\/www.tierschutzhof-karlsruhe.de\/TSHKAWP\/?page_id=15039"},"modified":"2021-09-03T20:44:21","modified_gmt":"2021-09-03T20:44:21","slug":"therapiehilfe","status":"publish","type":"page","link":"https:\/\/www.tierschutzhof-karlsruhe.de\/TSHKAWP\/therapiehilfe\/","title":{"rendered":"Therapiehilfe"},"content":{"rendered":"<div id=\"cmsmasters_row_0rpwowu6hw\" class=\"cmsmasters_row cmsmasters_color_scheme_default cmsmasters_row_top_default cmsmasters_row_bot_default cmsmasters_row_boxed\">\n<div class=\"cmsmasters_row_outer_parent\">\n<div class=\"cmsmasters_row_outer\">\n<div class=\"cmsmasters_row_inner\">\n<div class=\"cmsmasters_row_margin\">\n<div id=\"cmsmasters_column_lmi62414s\" class=\"cmsmasters_column one_first\">\n<div class=\"cmsmasters_column_inner\"><div class=\"cmsmasters_text\">\n<p>&nbsp;<\/p>\n<p>&nbsp;<\/p>\n<div class=\"article-header\">\n<p><img class=\"wp-image-15040 alignleft\" src=\"https:\/\/www.tierschutzhof-karlsruhe.de\/TSHKAWP\/wp-content\/uploads\/2019\/12\/hund-beschnuppert-hand-300x300.jpg\" alt=\"\" width=\"273\" height=\"273\" srcset=\"https:\/\/www.tierschutzhof-karlsruhe.de\/TSHKAWP\/wp-content\/uploads\/2019\/12\/hund-beschnuppert-hand-300x300.jpg 300w, https:\/\/www.tierschutzhof-karlsruhe.de\/TSHKAWP\/wp-content\/uploads\/2019\/12\/hund-beschnuppert-hand-150x150.jpg 150w, https:\/\/www.tierschutzhof-karlsruhe.de\/TSHKAWP\/wp-content\/uploads\/2019\/12\/hund-beschnuppert-hand-60x60.jpg 60w, https:\/\/www.tierschutzhof-karlsruhe.de\/TSHKAWP\/wp-content\/uploads\/2019\/12\/hund-beschnuppert-hand-500x500.jpg 500w, https:\/\/www.tierschutzhof-karlsruhe.de\/TSHKAWP\/wp-content\/uploads\/2019\/12\/hund-beschnuppert-hand-580x578.jpg 580w, https:\/\/www.tierschutzhof-karlsruhe.de\/TSHKAWP\/wp-content\/uploads\/2019\/12\/hund-beschnuppert-hand-540x540.jpg 540w, https:\/\/www.tierschutzhof-karlsruhe.de\/TSHKAWP\/wp-content\/uploads\/2019\/12\/hund-beschnuppert-hand-600x598.jpg 600w, https:\/\/www.tierschutzhof-karlsruhe.de\/TSHKAWP\/wp-content\/uploads\/2019\/12\/hund-beschnuppert-hand-100x100.jpg 100w, https:\/\/www.tierschutzhof-karlsruhe.de\/TSHKAWP\/wp-content\/uploads\/2019\/12\/hund-beschnuppert-hand.jpg 720w\" sizes=\"(max-width: 273px) 100vw, 273px\" \/><\/p>\n<p>Habt ihr eigentlich mal unsere Satzung gelesen? Nein? Das dachte ich mir, denn wer liest die schon.<br \/>\nDeshalb m\u00f6chte ich euch mit meinem kleinen Text gezielt darauf aufmerksam machen.<\/p>\n<p>Wir, der Tierschutzhof Karlsruhe, haben n\u00e4mlich folgendes Ziel in unserer Satzung festgelegt:\u00a0<strong>Aufbau einer Therapieeinrichtung f\u00fcr Menschen mit psychisch<\/strong><strong>en Erkrankungen. Tiere als Therapiehilfe.<\/strong><\/p>\n<p>Aber wieso machen wir das? Es ist eigentlich keine neue Erkenntnis, dass Tiere positive Auswirkungen auf unsere Gef\u00fchlswelt, auf verschiedene physiologische Funktionen unseres K\u00f6rpers und damit letztendlich auf unsere Gesundheit haben k\u00f6nnen. Doch unserer Meinung nach wird dieser Tatsache immer noch zu wenig Aufmerksamkeit geschenkt.<br \/>\nSo belegt zum Beispiel eine Studie aus dem Jahr 2012, dass Hunde durchaus eine Wohltat f\u00fcr die l\u00e4dierte Seele von Menschen sein k\u00f6nnen. Nach dieser Studie von Dr. Andreas Sobottka \u2013 leitender Oberarzt der Klinik f\u00fcr Allgemeinpsychiatrie und Psychotherapie in Wermelskirchen \u2013 lassen sich depressive Symptome merklich schneller reduzieren, als es bei anderen Therapien der Fall ist. Der Ursprung der positiven Wirkung der Vierbeiner auf den Gesundheitszustand des Menschen liegt in der Art und Weise, wie Hunde kommunizieren: Anders als der Mensch nehmen Hunde Kontakt mit der Seele des Menschen auf und reduzieren diesen nicht auf \u00c4u\u00dferlichkeiten, finanziellen und\/oder sozialen Status oder aber Bildungsgrad. Tiere begegnen uns unvoreingenommen. Sie schaffen es so oftmals, stimmungsaufhellend zu wirken und Stress abzubauen.<br \/>\nF\u00fcr diese in der Studie bewiesenen positiven Auswirkungen, h\u00e4tten wir keine Studie gebraucht. Denn wir vom Tierschutzhof Karlsruhe machen tagt\u00e4glich die Erfahrung, wie uns unsere rum\u00e4nischen Vierbeiner auf dem Hof unsere Laune selbst bei tr\u00fcbstem Regenwetter heben, einfach nur weil sie da und so sind wie sie sind.<br \/>\nIn den verschiedenen Medien k\u00f6nnt ihr in Texten von Medizinern und Psychologen lesen wie Kinder und Erwachsene mit psychischen Problemen besonders gut auf Hunde zu reagieren scheinen. Oder dass beispielsweise Menschen mit Autismus-St\u00f6rungen, die Schwierigkeiten haben, mit anderen Menschen in Interaktion zu treten, pl\u00f6tzlich mit Hunden in Kontakt treten. Ein Hund kann hier als Eisbrecher und Vermittler fungieren. Auch demente Patienten k\u00f6nnen profitieren, denn die W\u00e4rme und der Anblick eines Therapiehundes wecken oft Erinnerungen an ein eigenes Haustier, sodass selbst stark in sich gekehrte Patienten ins Erz\u00e4hlen kommen. Um nur einige Beispiele zu nennen.<\/p>\n<p>Deshalb m\u00f6chten wir vor allem Menschen mit psychischen Erkrankungen ganz herzlich zu uns auf den Tierschutzhof Karlsruhe einladen.<br \/>\nAuch bieten wir Therapeuten oder therapeutisch arbeitenden Einrichtungen an, mit uns gemeinsam einen sinnvollen und wirkungsvollen Weg zu gehen.<\/p>\n<p><strong>Unsere Hunde lassen sich streicheln, spazieren f\u00fchren und h\u00f6ren geduldig zu, wenn ihr jemanden zum Reden braucht.<\/strong><\/p>\n<\/div>\n<\/div>\n<\/div><\/div>\n<\/div>\n<\/div>\n<\/div>\n<\/div>\n<\/div>\n\n","protected":false},"excerpt":{"rendered":"","protected":false},"author":4,"featured_media":0,"parent":0,"menu_order":0,"comment_status":"closed","ping_status":"closed","template":"","meta":[],"_links":{"self":[{"href":"https:\/\/www.tierschutzhof-karlsruhe.de\/TSHKAWP\/wp-json\/wp\/v2\/pages\/15039"}],"collection":[{"href":"https:\/\/www.tierschutzhof-karlsruhe.de\/TSHKAWP\/wp-json\/wp\/v2\/pages"}],"about":[{"href":"https:\/\/www.tierschutzhof-karlsruhe.de\/TSHKAWP\/wp-json\/wp\/v2\/types\/page"}],"author":[{"embeddable":true,"href":"https:\/\/www.tierschutzhof-karlsruhe.de\/TSHKAWP\/wp-json\/wp\/v2\/users\/4"}],"replies":[{"embeddable":true,"href":"https:\/\/www.tierschutzhof-karlsruhe.de\/TSHKAWP\/wp-json\/wp\/v2\/comments?post=15039"}],"version-history":[{"count":7,"href":"https:\/\/www.tierschutzhof-karlsruhe.de\/TSHKAWP\/wp-json\/wp\/v2\/pages\/15039\/revisions"}],"predecessor-version":[{"id":17965,"href":"https:\/\/www.tierschutzhof-karlsruhe.de\/TSHKAWP\/wp-json\/wp\/v2\/pages\/15039\/revisions\/17965"}],"wp:attachment":[{"href":"https:\/\/www.tierschutzhof-karlsruhe.de\/TSHKAWP\/wp-json\/wp\/v2\/media?parent=15039"}],"curies":[{"name":"wp","href":"https:\/\/api.w.org\/{rel}","templated":true}]}}