{"id":15876,"date":"2020-03-08T17:11:32","date_gmt":"2020-03-08T17:11:32","guid":{"rendered":"https:\/\/www.tierschutzhof-karlsruhe.de\/TSHKAWP\/?page_id=15876"},"modified":"2023-11-23T10:34:23","modified_gmt":"2023-11-23T10:34:23","slug":"patenschaften","status":"publish","type":"page","link":"https:\/\/www.tierschutzhof-karlsruhe.de\/TSHKAWP\/patenschaften\/","title":{"rendered":"Patenschaften"},"content":{"rendered":"<div id=\"cmsmasters_row_cgdjql45u\" class=\"cmsmasters_row cmsmasters_color_scheme_default cmsmasters_row_top_default cmsmasters_row_bot_default cmsmasters_row_boxed\">\n<div class=\"cmsmasters_row_outer_parent\">\n<div class=\"cmsmasters_row_outer\">\n<div class=\"cmsmasters_row_inner\">\n<div class=\"cmsmasters_row_margin\">\n<div id=\"cmsmasters_column_lz5t65jht\" class=\"cmsmasters_column one_first\">\n<div class=\"cmsmasters_column_inner\"><div class=\"cmsmasters_text\">\n<p>&nbsp;<\/p>\n<p><strong>Patenschaften bedeuten langfristige Hilfe<\/strong><\/p>\n<p>Unsere Hunde haben alle ein sehr bewegtes, trauriges, bisheriges Leben hinter sich. Alle liegen uns sehr am Herzen.<br \/>\nF\u00fcr viele wird es aufgrund ihrer Erfahrungen, Alter oder auch Krankheit sehr schwer oder gar nicht m\u00f6glich sein, ein Zuhause zu finden.<\/p>\n<p>Diese Hunde werden auf dem Tierschutzhof den Rest Ihres Lebens verbringen. Hier werden sie geliebt und umsorgt. Wir geben ihnen Vertrauen und Sicherheit.<br \/>\nDiese Tiere kosten uns viel Geld.<\/p>\n<p>Das k\u00f6nnen wir nur mit Hilfe vieler tierlieber Menschen schaffen und diese Unterst\u00fctzung hilft uns auch, den ein oder anderen Notfall aufzunehmen, der ansonsten keine Chance mehr h\u00e4tte.<\/p>\n<p><strong>Die H\u00f6he des Patenschaftsbeitrages ist frei w\u00e4hlbar, sollte jedoch mindestens 10 Euro im Monat betragen.<br \/>\nNormalerweise belaufen sich die Betreuungskosten pro Hund auf ca 15,- bis 20,- Euro pro Tag, wobei hier die betriebswirtschaftlichen Kosten mit ber\u00fccksichtigt sind.<\/strong><\/p>\n<p>Gerne k\u00f6nnt Ihr auch eine <strong>Patenschaft f\u00fcr den Tierschutzhof<\/strong> selbst abschlie\u00dfen.<br \/>\nDiese Gelder werden wir f\u00fcr Instandhaltungs- und Renovierungsarbeiten einsetzen<\/p>\n<p>&nbsp;<\/p>\n<\/div>\n<\/div><\/div>\n<\/div>\n<\/div>\n<\/div>\n<\/div>\n<\/div>\n<div id=\"cmsmasters_row_6p3hhmiysu\" class=\"cmsmasters_row cmsmasters_color_scheme_default cmsmasters_row_top_default cmsmasters_row_bot_default cmsmasters_row_boxed\">\n<div class=\"cmsmasters_row_outer_parent\">\n<div class=\"cmsmasters_row_outer\">\n<div class=\"cmsmasters_row_inner\">\n<div class=\"cmsmasters_row_margin\">\n<div id=\"cmsmasters_column_tb1rbzln2\" class=\"cmsmasters_column one_first\">\n<div class=\"cmsmasters_column_inner\"><div class=\"cmsmasters_text\">\n<p>Die Zahlung erfolgt durch \u00dcberweisung auf unser Konto bei der<br \/>\nDeutsche Skatbank<br \/>\nIBAN: DE10 8306 5408 0004 0818 20<br \/>\nBIC: GENO DEF1 SLR<br \/>\nVerwendungszweck: Tierpatenschaft plus Tiername<\/p>\n<p>Oder einfach \u00fcber Paypal:<\/p>\n<\/div>\n<\/div><\/div>\n<\/div>\n<\/div>\n<\/div>\n<\/div>\n<\/div>\n<div id=\"cmsmasters_row_oqmktmebn\" class=\"cmsmasters_row cmsmasters_color_scheme_default cmsmasters_row_top_default cmsmasters_row_bot_default cmsmasters_row_boxed\">\n<div class=\"cmsmasters_row_outer_parent\">\n<div class=\"cmsmasters_row_outer\">\n<div class=\"cmsmasters_row_inner\">\n<div class=\"cmsmasters_row_margin\">\n<div id=\"cmsmasters_column_vlvfpr5fdc\" class=\"cmsmasters_column one_first\">\n<div class=\"cmsmasters_column_inner\"><div class=\"custom_html\">\n<form action=\"https:\/\/www.paypal.com\/cgi-bin\/webscr\" method=\"post\" target=\"_top\">\n<input type=\"hidden\" name=\"cmd\" value=\"_s-xclick\" \/><br \/>\n<input type=\"hidden\" name=\"hosted_button_id\" value=\"KTLRYP3NSMWH8\" \/><br \/>\n<input type=\"image\" src=\"https:\/\/www.paypalobjects.com\/webstatic\/en_US\/i\/buttons\/PP_logo_h_150x38.png\" border=\"0\" name=\"submit\" title=\"PayPal - The safer, easier way to pay online!\" alt=\"Spenden mit dem PayPal-Button\" \/><br \/>\n<img alt=\"\" border=\"0\" src=\"https:\/\/www.paypal.com\/de_DE\/i\/scr\/pixel.gif\" width=\"1\" height=\"1\" \/><br \/>\n<\/form>\n<\/div>\n<\/div><\/div>\n<\/div>\n<\/div>\n<\/div>\n<\/div>\n<\/div>\n<div id=\"cmsmasters_row_egguy4zgbs\" class=\"cmsmasters_row cmsmasters_color_scheme_default cmsmasters_row_top_default cmsmasters_row_bot_default cmsmasters_row_boxed\">\n<div class=\"cmsmasters_row_outer_parent\">\n<div class=\"cmsmasters_row_outer\">\n<div class=\"cmsmasters_row_inner\">\n<div class=\"cmsmasters_row_margin\">\n<div id=\"cmsmasters_column_0hbu6e6u7h\" class=\"cmsmasters_column one_first\">\n<div class=\"cmsmasters_column_inner\"><div class=\"cmsmasters_text\">\n<p><strong>Beginn der Patenschaft:<\/strong><br \/>\nDie Patenschaft beginnt mit Eingang der ersten Patenzahlung. Im Rahmen der Patenschaft entstehen keinerlei Rechte des<br \/>\nPaten am Tier. Paten haben kein Mitspracherecht bei Vermittlung, den tier\u00e4rztlichen Entscheidungen und dem<br \/>\nVermittlungstext auf der Internetseite.<\/p>\n<p><strong>Was passiert, wenn das Patentier vermittelt wird:<\/strong><br \/>\nWird das Patentier an einen neuen Besitzer vermittelt oder verstirbt es, l\u00e4uft der Patenschaftsvertrag aus.<br \/>\nDer Pate erh\u00e4lt innerhalb von 3 Wochen ein Schreiben (per E-Mail oder per Post), in dem ein neues Patentier vorgeschlagen<br \/>\nwird. Der Pate kann sich jedoch auch online oder aus dem Patenordner f\u00fcr ein neues Patentier entscheiden.<\/p>\n<p><strong>K\u00fcndigung:<\/strong><br \/>\nDas Patenschaftsverh\u00e4ltnis kann von beiden Seiten jederzeit zum Folgemonat schriftlich gek\u00fcndigt<br \/>\nwerden.<\/p>\n<p><strong>Was passiert mit Ihrem Geld?<\/strong><br \/>\nWenn das Tier bereits versorgt ist, kann das Geld auch f\u00fcr andere Tiere oder Tierheimzwecke ausgegeben werden. Sie leisten<br \/>\neinen Beitrag daf\u00fcr, dass wir f\u00fcr eine m\u00f6glichst artgem\u00e4\u00dfe Unterbringung dieser Tierschutzhofbewohners die Aufwendungen<br \/>\nt\u00e4tigen k\u00f6nnen. Eine finanzielle Unterst\u00fctzung hilft dem Tierschutzhof Karlsruhe, notwendige Einrichtungen wie<br \/>\nFreilauffl\u00e4chen und Gruppenausl\u00e4ufe zu pflegen und auszubauen. Sie leisten mit Ihrer Unterst\u00fctzung auch einen Beitrag zur<br \/>\nmedizinischen Versorgung, die gerade bei den Sorgentieren besonders aufw\u00e4ndig ist<\/p>\n<\/div>\n<\/div><\/div>\n<\/div>\n<\/div>\n<\/div>\n<\/div>\n<\/div>\n<div id=\"cmsmasters_row_5fwxqumimd\" class=\"cmsmasters_row cmsmasters_color_scheme_default cmsmasters_row_top_default cmsmasters_row_bot_default cmsmasters_row_boxed\">\n<div class=\"cmsmasters_row_outer_parent\">\n<div class=\"cmsmasters_row_outer\">\n<div class=\"cmsmasters_row_inner\">\n<div class=\"cmsmasters_row_margin\">\n<div id=\"cmsmasters_column_26pc0zom6\" class=\"cmsmasters_column one_first\">\n<div class=\"cmsmasters_column_inner\"><div class=\"cmsmasters_text\">\n<h4 style=\"text-align: center;\">Antrag auf Tierpatenschaft<\/h4>\n<p>Ich erkl\u00e4re mich bereit, eine Tierpatenschaft f\u00fcr das unten beschriebene, auf dem Tierschutzhof Karlsruhe untergebrachte Tier zu \u00fcbernehmen.<\/p>\n<\/div>\n<\/div><\/div>\n<\/div>\n<\/div>\n<\/div>\n<\/div>\n<\/div>\n<div id=\"cmsmasters_row_dp6grqwwfa\" class=\"cmsmasters_row cmsmasters_color_scheme_default cmsmasters_row_top_default cmsmasters_row_bot_default cmsmasters_row_boxed\">\n<div class=\"cmsmasters_row_outer_parent\">\n<div class=\"cmsmasters_row_outer\">\n<div class=\"cmsmasters_row_inner\">\n<div class=\"cmsmasters_row_margin\">\n<div id=\"cmsmasters_column_4t7a8o74we\" class=\"cmsmasters_column one_first\">\n<div class=\"cmsmasters_column_inner\"><div class=\"cmsmasters_text\">\n<div style=\"display:none\" class=\"fm-form-container fm-theme1\"><div id=\"fm-pages1\" class=\"fm-pages wdform_page_navigation \" show_title=\"\" show_numbers=\"1\" type=\"none\"><\/div><form name=\"form1\" action=\"\/TSHKAWP\/wp-json\/wp\/v2\/pages\/15876\" method=\"post\" id=\"form1\" class=\"fm-form form1  \" enctype=\"multipart\/form-data\"><input type=\"hidden\" id=\"fm_page_id1\" value=\"15876\" name=\"fm_page_id1\" \/><input type=\"hidden\" id=\"fm_current_post_type1\" value=\"page\" name=\"fm_current_post_type1\" \/><input type=\"hidden\" id=\"counter1\" value=\"20\" name=\"counter1\" \/><input type=\"hidden\" id=\"Itemid1\" value=\"\" name=\"Itemid1\" \/><input type=\"hidden\" id=\"fm_shake1\" value=\"1\" name=\"fm_shake1\" \/><input type=\"text\" class=\"fm-hide\" id=\"fm_empty_field_validation1\" value=\"\" name=\"fm_empty_field_validation1\" data-value=\"bd736efb144d599cf463541431fbf5c4\" \/><div class=\"fm-header-bg\"><div class=\"fm-header \"><div class=\"fm-header-text\">          <div class=\"fm-header-title\">            Patenschaftsantrag          <\/div>          <div class=\"fm-header-description\">            &nbsp;&nbsp;          <\/div>        <\/div><\/div><\/div><div class=\"wdform-page-and-images fm-form-builder\"><div id=\"1form_view1\" class=\"wdform_page\" page_title=\"Untitled page\" next_title=\"Next\" next_type=\"text\" next_class=\"wdform-page-button\" next_checkable=\"true\" previous_title=\"Previous\" previous_type=\"text\" previous_class=\"wdform-page-button\" previous_checkable=\"false\"><div class=\"wdform_section\" id=\"cur_column\"><div class=\"wdform_column\"><div wdid=\"18\" class=\"wdform_row\" style=\"position: relative; left: 0px; top: 0px;\"><div type=\"type_name\" class=\"wdform-field wd-width-100 wd-flex wd-flex-row fm-type_name\" ><div class=\"wdform-label-section wd-width-30 wd-hidden  wd-flex-row\">    <label  for=\"wdform_18_element_first1\" class=\"wdform-label\">Name<\/label><span class=\"wdform-required\"><\/span><\/div><div class=\"wdform-element-section wd-flex  wd-flex-row wd-width-100\" ><div class=\"wd-flex wd-flex-column wd-width-50\"><input type=\"text\" class=\"wd-width-100\" id=\"wdform_18_element_first1\" name=\"wdform_18_element_first1\" data-value=\"\" value=\"\" title=\"\" placeholder=\"\"  \/><label class=\"mini_label\" for=\"wdform_18_element_first1\">Vorname<\/label><\/div><div class=\"wd-flex wd-flex-column wd-name-separator\"><\/div><div class=\"wd-flex wd-flex-column wd-width-50\"><input type=\"text\" class=\"wd-width-100\" id=\"wdform_18_element_last1\" name=\"wdform_18_element_last1\" data-value=\"\" value=\"\" title=\"\" placeholder=\"\"  \/><label class=\"mini_label\" for=\"wdform_18_element_last1\">Nachname<\/label><\/div><\/div><\/div><\/div><\/div><div class=\"wdform_column\"><div wdid=\"7\" class=\"wdform_row\" style=\"position: relative; left: 0px; top: 0px;\"><div type=\"type_date_fields\" class=\"wdform-field wd-width-100 wd-flex wd-flex-column fm-type_date_fields\" ><div class=\"wdform-label-section wd-width-100 wdform_date_fields wd-flex-row\">    <label  for=\"wdform_7_day1\" class=\"wdform-label\">Geburtsdatum<\/label><span class=\"wdform-required\"><\/span><\/div><div class=\"wdform-element-section wd-flex wdform_date_fields wd-flex-row wd-width-100\" ><div class=\"wd-flex wd-flex-row wd-width-100 wd-align-items\"><div class=\"wd-flex wd-flex-column\"><input type=\"number\"\t\t\t\t\t\t\t\t\t\t\t\t\t class=\"wd-type-number wdform_input_day\"\t\t\t\t\t\t\t\t\t\t\t\t\t id=\"wdform_7_day1\"\t\t\t\t\t\t\t\t\t\t\t\t\t name=\"wdform_7_day1\"\t\t\t\t\t\t\t\t\t\t\t\t\t onchange=\"wd_validate(this)\"\t\t\t\t\t\t\t\t\t\t\t\t\t data-addiotional-fields='[\"wdform_7_month1\",\"wdform_7_year1\"]'\t\t\t\t\t\t\t\t\t\t\t\t\t data-valid-type=\"day\"\t\t\t\t\t\t\t\t\t\t\t\t\t data-form-id=\"1\"\t\t\t\t\t\t\t\t\t\t\t\t\t data-wdid=\"7\"\t\t\t\t\t\t\t\t\t\t\t\t\t style=\"width: 60px;\"\t\t\t\t\t\t\t\t\t\t\t\t\t value=\"\"\t\t\t\t\t\t\t\t\t\t\t\t\t attribute=value \/><label for=\"wdform_7_day1\" class=\"mini_label\">Tag<\/label><\/div><span class=\"wdform_separator\">&nbsp;\/&nbsp;<\/span><div class=\"wd-flex wd-flex-column\"><input type=\"number\"\t\t\t\t\t\t\t\t\t\t\t\t\t\t\tclass=\"wd-type-number wdform_input_month\"\t\t\t\t\t\t\t\t\t\t\t\t\t\t\tid=\"wdform_7_month1\"\t\t\t\t\t\t\t\t\t\t\t\t\t\t\tname=\"wdform_7_month1\"\t\t\t\t\t\t\t\t\t\t\t\t\t\t\tonchange=\"wd_validate(this)\"\t\t\t\t\t\t\t\t\t\t\t\t\t\t\tdata-addiotional-fields='[\"wdform_7_day1\",\"wdform_7_year1\"]'\t\t\t\t\t\t\t\t\t\t\t\t\t\t\tdata-valid-type=\"month\"\t\t\t\t\t\t\t\t\t\t\t\t\t\t\tdata-form-id=\"1\"\t\t\t\t\t\t\t\t\t\t\t\t\t\t\tdata-wdid=\"7\"\t\t\t\t\t\t\t\t\t\t\t\t\t\t\tstyle=\"width: 60px;\"\t\t\t\t\t\t\t\t\t\t\t\t\t\t\tvalue=\"\"\t\t\t\t\t\t\t\t\t\t\t\t\t\t\t attribute=value \/><label for=\"wdform_7_month1\" class=\"mini_label\">Monat<\/label><\/div><span class=\"wdform_separator\">&nbsp;\/&nbsp;<\/span><div class=\"wd-flex wd-flex-column\"><input type=\"number\"\t\t\t\t\t\t\t\t\t\t\t\t\t\t class=\"wd-type-number  wdform_input_year\"\t\t\t\t\t\t\t\t\t\t\t\t\t\t id=\"wdform_7_year1\"\t\t\t\t\t\t\t\t\t\t\t\t\t\t name=\"wdform_7_year1\"\t\t\t\t\t\t\t\t\t\t\t\t\t\t onchange=\"wd_validate(this)\"\t\t\t\t\t\t\t\t\t\t\t\t\t\t data-addiotional-fields='[\"wdform_7_day1\",\"wdform_7_month1\"]'\t\t\t\t\t\t\t\t\t\t\t\t\t\t data-valid-type=\"year\"\t\t\t\t\t\t\t\t\t\t\t\t\t\t data-form-id=\"1\"\t\t\t\t\t\t\t\t\t\t\t\t\t\t data-wdid=\"7\"\t\t\t\t\t\t\t\t\t\t\t\t\t\t value=\"\"\t\t\t\t\t\t\t\t\t\t\t\t\t\t from=\"1901\"\t\t\t\t\t\t\t\t\t\t\t\t\t\t to=\"2020\"\t\t\t\t\t\t\t\t\t\t\t\t\t\t style=\"width: 80px;\"\t\t\t\t\t\t\t\t\t\t\t\t\t\t  attribute=value \/><label for=\"wdform_7_year1\" class=\"mini_label\">Jahr<\/label><\/div><\/div><\/div><\/div><\/div><\/div><div class=\"wdform_column\"><div wdid=\"12\" class=\"wdform_row\" style=\"position: relative; left: 0px; top: 0px;\"><div type=\"type_address\" class=\"wdform-field wd-width-100 wd-flex wd-flex-row fm-type_address\" ><div class=\"wdform-label-section wd-width-30 wd-hidden wdform_address wd-flex-column\">    <label  for=\"wdform_12_street11\" class=\"wdform-label\">Address<\/label><span class=\"wdform-required\"><\/span><\/div><div class=\"wdform-element-section wd-flex wdform_address wd-flex-column wd-width-100\" ><span class=\"wd-width-100 wd-address\" id=\"wdform_12_address_0\">                <input class=\"wd-width-100 wdform_12_address_0\" type=\"text\" id=\"wdform_12_street11\" name=\"wdform_12_street11\" value=\"\"  \/>                <label for=\"wdform_12_street11\" class=\"mini_label\">Stra\u00dfe<\/label><\/span><span class=\"wd-width-100 wd-address\" id=\"wdform_12_address_1\">                <input class=\"wd-width-100 wdform_12_address_1\" type=\"text\" id=\"wdform_12_street21\" name=\"wdform_13_street21\" value=\"\"  \/>                <label for=\"wdform_12_street21\" class=\"mini_label\">Hausnummer<\/label><\/span><span class=\"wd-width-100 wd-flex wd-flex-row wd-flex-wrap wd-justify-content\"><span class=\"wd-width-49 wd-address\" id=\"wdform_12_address_2\">                <input class=\"wd-width-100 wdform_12_address_2\" type=\"text\" id=\"wdform_12_city1\" name=\"wdform_14_city1\" value=\"\"  \/>                <label for=\"wdform_12_city1\" class=\"mini_label\">Postleitzahl<\/label><\/span><span class=\"wd-width-49 wd-address\" id=\"wdform_12_address_3\">                <input class=\"wd-width-100 wdform_12_address_3\" type=\"text\" id=\"wdform_12_state1\" name=\"wdform_15_state1\" value=\"\"  \/>                <label for=\"wdform_12_state1\" class=\"mini_label\">Ort<\/label><\/span><\/span><\/div><\/div><\/div><\/div><div class=\"wdform_column\"><div wdid=\"3\" class=\"wdform_row\" style=\"position: relative; left: 0px; top: 0px;\"><div type=\"type_submitter_mail\" class=\"wdform-field wd-width-100 wd-flex wd-flex-column fm-type_submitter_mail\" ><div class=\"wdform-label-section wd-width-100  wd-flex-row\">    <label  for=\"wdform_3_element1\" class=\"wdform-label\">E-Mail Adresse<\/label><span class=\"wdform-required\"><\/span><\/div><div class=\"wdform-element-section wd-flex  wd-flex-row wd-width-100\" ><input type=\"text\" class=\"wd-width-100\" id=\"wdform_3_element1\" name=\"wdform_3_element1\" data-value=\"\" value=\"\" title=\"\" placeholder=\"\"   onchange=\"wd_check_email('3', '1', 'Dies ist keine g\u00fcltige E-Mail-Adresse.')\" \/><\/div><\/div><\/div><\/div><div class=\"wdform_column\"><div wdid=\"9\" class=\"wdform_row\" style=\"position: relative; left: 0px; top: 0px;\"><div type=\"type_text\" class=\"wdform-field wd-width-100 wd-flex wd-flex-column fm-type_text\" ><div class=\"wdform-label-section wd-width-100  wd-flex-row wd-align-items-center\">    <label  for=\"wdform_9_element1\" class=\"wdform-label\">Patenschaft f\u00fcr<\/label><span class=\"wdform-required\"><\/span><\/div><div class=\"wdform-element-section wd-flex  wd-flex-row wd-align-items-center wd-width-100\" ><input type=\"text\"                           class=\"wd-width-100\"                           id=\"wdform_9_element1\"                           name=\"wdform_9_element1\"                           value=\"\"                           data-value=\"\"                           title=\"Name des Hundes\"                           placeholder=\"Name des Hundes\"                                                       \/><\/div><\/div><\/div><\/div><div class=\"wdform_column\"><div wdid=\"19\" class=\"wdform_row\" style=\"position: relative; left: 0px; top: 0px;\"><div type=\"type_text\" class=\"wdform-field wd-width-100 wd-flex wd-flex-column fm-type_text\" ><div class=\"wdform-label-section wd-width-100  wd-flex-row wd-align-items-center\">    <label  for=\"wdform_19_element1\" class=\"wdform-label\">Betrag (mind. 10\u20ac)<\/label><span class=\"wdform-required\"><\/span><\/div><div class=\"wdform-element-section wd-flex  wd-flex-row wd-align-items-center wd-width-100\" ><input type=\"text\"                           class=\"wd-width-100\"                           id=\"wdform_19_element1\"                           name=\"wdform_19_element1\"                           value=\"\"                           data-value=\"\"                           title=\"\"                           placeholder=\"\"                                                       \/><\/div><\/div><\/div><\/div><div class=\"wdform_column\"><div wdid=\"5\" class=\"wdform_row\"><div type=\"type_textarea\" class=\"wdform-field wd-width-100 wd-flex wd-flex-column fm-type_textarea\" ><div class=\"wdform-label-section wd-width-100 \">    <label  for=\"wdform_5_element1\" class=\"wdform-label\">Sonstige Anmerkungen<\/label><\/div><div class=\"wdform-element-section wd-flex  wd-width-100\" ><textarea class=\"wd-width-100\"                      id=\"wdform_5_element1\"                      name=\"wdform_5_element1\"                      placeholder=\"\"                      data-value=\"\"                      maxlength=\"\"                      style=\"height: 100px;\"                      ><\/textarea><\/div><\/div><\/div><\/div><div class=\"wdform_column\"><div wdid=\"1\" class=\"wdform_row\"><div type=\"type_gdpr_compliance_checkbox\" class=\"wdform-field wd-width-100 wd-flex wd-flex-column fm-type_gdpr_compliance_checkbox\" ><div class=\"wdform-element-section wd-flex  wd-flex-row wd-justify-content-left wd-width-100\" ><label for=\"fm_privacy_policy1\" class=\"wdform-label\">                                       <input id=\"fm_privacy_policy1\" name=\"fm_privacy_policy1\" class=\"wd-flex-row fm-gdpr-checkbox\" onclick=\"fm_privacy_policy_check(this)\" type=\"checkbox\" value=\"1\">Ich erkl\u00e4re mich damit einverstanden, alles verstanden zu haben sowie dass diese Daten gesammelt und gem\u00e4\u00df der Datenschutzerkl\u00e4rung dieser Website verarbeitet werden.<\/label><\/div><\/div><div type=\"type_submit_reset\" class=\"wdform-field wd-width-100 wd-flex wd-flex-column fm-type_submit_reset\" ><div class=\"wdform-element-section wd-flex  wd-flex-row wd-justify-content-left wd-width-100\" ><button disabled=\"disabled\" type=\"button\" class=\"button-submit\" onclick=\"fm_submit_form('1');\"  data-ajax=\"0\"><span class=\"fm-submit-loading spinner fm-ico-spinner\"><\/span>Absenden<\/button><button  type=\"button\" class=\"button-reset \" onclick=\"fm_reset_form(1);\" >Zur\u00fccksetzen<\/button><\/div><\/div><\/div><\/div><\/div><div valign=\"top\" class=\"wdform_footer wd-width-100\"><div class=\"wd-width-100\"><div class=\"wd-width-100 wd-table\" style=\"padding-top:10px;\"><div class=\"wd-table-group\"><div id=\"1page_nav1\" class=\"wd-table-row\"><\/div><\/div><\/div><\/div><\/div><\/div><\/div><div class=\"wdform_preload\"><\/div><input type=\"hidden\" name=\"fm-current-page\" value=\"https:\/\/www.tierschutzhof-karlsruhe.de\/TSHKAWP\/wp-json\/wp\/v2\/pages\/15876\" \/><\/form><\/div>\n<\/div>\n<\/div><\/div>\n<\/div>\n<\/div>\n<\/div>\n<\/div>\n<\/div>\n\n","protected":false},"excerpt":{"rendered":"","protected":false},"author":4,"featured_media":0,"parent":0,"menu_order":0,"comment_status":"closed","ping_status":"closed","template":"","meta":[],"_links":{"self":[{"href":"https:\/\/www.tierschutzhof-karlsruhe.de\/TSHKAWP\/wp-json\/wp\/v2\/pages\/15876"}],"collection":[{"href":"https:\/\/www.tierschutzhof-karlsruhe.de\/TSHKAWP\/wp-json\/wp\/v2\/pages"}],"about":[{"href":"https:\/\/www.tierschutzhof-karlsruhe.de\/TSHKAWP\/wp-json\/wp\/v2\/types\/page"}],"author":[{"embeddable":true,"href":"https:\/\/www.tierschutzhof-karlsruhe.de\/TSHKAWP\/wp-json\/wp\/v2\/users\/4"}],"replies":[{"embeddable":true,"href":"https:\/\/www.tierschutzhof-karlsruhe.de\/TSHKAWP\/wp-json\/wp\/v2\/comments?post=15876"}],"version-history":[{"count":22,"href":"https:\/\/www.tierschutzhof-karlsruhe.de\/TSHKAWP\/wp-json\/wp\/v2\/pages\/15876\/revisions"}],"predecessor-version":[{"id":19436,"href":"https:\/\/www.tierschutzhof-karlsruhe.de\/TSHKAWP\/wp-json\/wp\/v2\/pages\/15876\/revisions\/19436"}],"wp:attachment":[{"href":"https:\/\/www.tierschutzhof-karlsruhe.de\/TSHKAWP\/wp-json\/wp\/v2\/media?parent=15876"}],"curies":[{"name":"wp","href":"https:\/\/api.w.org\/{rel}","templated":true}]}}