{"id":16540,"date":"2020-07-25T14:07:40","date_gmt":"2020-07-25T14:07:40","guid":{"rendered":"https:\/\/www.tierschutzhof-karlsruhe.de\/TSHKAWP\/?page_id=16540"},"modified":"2020-07-26T18:03:39","modified_gmt":"2020-07-26T18:03:39","slug":"selbstauskunft","status":"publish","type":"page","link":"https:\/\/www.tierschutzhof-karlsruhe.de\/TSHKAWP\/selbstauskunft\/","title":{"rendered":"Selbstauskunft"},"content":{"rendered":"<div id=\"cmsmasters_row_twh3z8ftn\" class=\"cmsmasters_row cmsmasters_color_scheme_default cmsmasters_row_top_default cmsmasters_row_bot_default cmsmasters_row_boxed\">\n<div class=\"cmsmasters_row_outer_parent\">\n<div class=\"cmsmasters_row_outer\">\n<div class=\"cmsmasters_row_inner\">\n<div class=\"cmsmasters_row_margin\">\n<div id=\"cmsmasters_column_jyglvmj08c\" class=\"cmsmasters_column one_first\">\n<div class=\"cmsmasters_column_inner\">\n<div id=\"cmsmasters_divider_764ttuqrvc\" class=\"cmsmasters_divider cmsmasters_divider_width_long cmsmasters_divider_pos_center\"><\/div>\n<\/div><\/div>\n<\/div>\n<\/div>\n<\/div>\n<\/div>\n<\/div>\n<div id=\"cmsmasters_row_uthziiqnd\" class=\"cmsmasters_row cmsmasters_color_scheme_default cmsmasters_row_top_default cmsmasters_row_bot_default cmsmasters_row_boxed\">\n<div class=\"cmsmasters_row_outer_parent\">\n<div class=\"cmsmasters_row_outer\">\n<div class=\"cmsmasters_row_inner\">\n<div class=\"cmsmasters_row_margin\">\n<div id=\"cmsmasters_column_6up13gboyq\" class=\"cmsmasters_column one_first\">\n<div class=\"cmsmasters_column_inner\"><div class=\"cmsmasters_text\">\n<form id=\"forminator-module-16537\" class=\"forminator-custom-form forminator-custom-form-16537\" action=\"\" method=\"post\" data-forminator-render=\"0\"><div class=\"forminator-response-message forminator-error\" aria-hidden=\"true\"><\/div><\/form>\n<\/div>\n<div class=\"cmsmasters_toggles toggles_mode_toggle\">\n<div class=\"cmsmasters_toggle_wrap\" data-tags=\"all \">\n<div class=\"cmsmasters_toggle_title\">\n<span class=\"cmsmasters_toggle_plus\">\n<span class=\"cmsmasters_toggle_plus_hor\"><\/span>\n<span class=\"cmsmasters_toggle_plus_vert\"><\/span>\n<\/span>\n<a href=\"#\">Wichtiges zur Eingew\u00f6hnung des Hundes<\/a>\n<\/div>\n<div class=\"cmsmasters_toggle\">\n<div class=\"cmsmasters_toggle_inner\">\n<p>Bei Tieren aus dem Ausland, in unserem Fall Rum\u00e4nien, die irgendwann einmal im Tierheim dort landen, kennt man die meist sehr tragische Vorgeschichte nicht. Sind sie auf der Stra\u00dfe geboren und aufgewachsen? Haben sie schon einmal eine Familie oder Menschen gehabt und sind ausgesetzt worden? Sind sie misshandelt worden? Alle aber haben eine Zeit lang auf der Stra\u00dfe gelebt, denn dort sind sie aufgegriffen und ins Tierheim gebracht worden, meistens leider mit Methoden von nicht vorstellbarer Grausamkeit.<br \/>\nEs gibt Hunde, die ver\u00e4ngstigt, krank oder verletzt sind. Sie kennen keine Leinenf\u00fchrung oder Kommandos. Sie kennen es nicht, in einer Wohnung zu leben und sich entsprechend zu verhalten. Diese Tiere brauchen viel Zeit, um in ihrem neuen Leben in Deutschland bei der Familie anzukommen. Sie sind anfangs nerv\u00f6s, \u00e4ngstlich, laufen viel umher, finden keine Ruhe und sind immer in Hab-Acht-Stellung. So bringt jedes Tier seinepers\u00f6nliche Vorgeschichte mit nach Deutschland.<br \/>\nDarum ist die Eingew\u00f6hnungsphase, in der man dem Hund viel Liebe, Geduld, Aufmerksamkeit,<br \/>\nStreicheleinheiten und Geborgenheit schenkt, so wahnsinnig wichtig. Diese Phase kann je nach Tier ein paar<br \/>\nWochen bis zu einigen Monaten dauern. Dabei ist Geduld, das was die meisten Menschen leider nicht im<br \/>\n\u00dcberfluss haben, mit das Wichtigste in dieser \u00dcbergangszeit. Aber diese Geduld wird immer belohnt werden!<br \/>\nWir w\u00fcnschen uns, dass unsere ausl\u00e4ndischen Hunde hier in ihrer Familie in aller Ruhe ankommen d\u00fcrfen. Dass die Liebe zum Tier noch vor den \u00fcblichen Erziehungsma\u00dfnahmen zum Einsatz kommt. Einfach, dass der Hund er selbst sein darf, so wie wir Menschen auch unsere Individualit\u00e4t ausleben d\u00fcrfen sollten.<\/p>\n<\/div>\n<\/div>\n<\/div><div class=\"cmsmasters_toggle_wrap\" data-tags=\"all \">\n<div class=\"cmsmasters_toggle_title\">\n<span class=\"cmsmasters_toggle_plus\">\n<span class=\"cmsmasters_toggle_plus_hor\"><\/span>\n<span class=\"cmsmasters_toggle_plus_vert\"><\/span>\n<\/span>\n<a href=\"#\">Leinenpflicht<\/a>\n<\/div>\n<div class=\"cmsmasters_toggle\">\n<div class=\"cmsmasters_toggle_inner\">\n<p>Ein noch sehr wichtiges Thema ist die Leinenpflicht. Bei Hunden aus dem Ausland, ganz besonders bei jungen, aggressiven und \u00e4ngstlichen Hunden, ist es zwingend erforderlich, den Hund beim Gassi gehen, aber auch zu Anfang im eigenen Garten, ein Sicherheitsgeschirr, evtl. sogar noch ein Halsband, anzuziehen und anzuleinen.<br \/>\nEs gibt Situationen, wie z. B. das Sichten eines Eichh\u00f6rnchens, einer Katze oder eines Vogels, das die Hunde<br \/>\nganz pl\u00f6tzlich in ihren Jagdtrieb verfallen l\u00e4sst und sie losrennen. Auch ein Ger\u00e4usch oder lauter Knall kann die Tiere in Panik versetzen und zur Flucht animieren. Sollte das in Stra\u00dfenn\u00e4he sein, k\u00f6nnte das f\u00fcr den nicht angeleinten Hund und Verkehrsteilnehmer verheerende Folgen haben. Deshalb muss der Hund unbedingt die ersten Monate an der Leine gef\u00fchrt werden!<\/p>\n<\/div>\n<\/div>\n<\/div><\/div>\n<\/div><\/div>\n<\/div>\n<\/div>\n<\/div>\n<\/div>\n<\/div>\n\n","protected":false},"excerpt":{"rendered":"","protected":false},"author":4,"featured_media":0,"parent":0,"menu_order":0,"comment_status":"closed","ping_status":"closed","template":"","meta":[],"_links":{"self":[{"href":"https:\/\/www.tierschutzhof-karlsruhe.de\/TSHKAWP\/wp-json\/wp\/v2\/pages\/16540"}],"collection":[{"href":"https:\/\/www.tierschutzhof-karlsruhe.de\/TSHKAWP\/wp-json\/wp\/v2\/pages"}],"about":[{"href":"https:\/\/www.tierschutzhof-karlsruhe.de\/TSHKAWP\/wp-json\/wp\/v2\/types\/page"}],"author":[{"embeddable":true,"href":"https:\/\/www.tierschutzhof-karlsruhe.de\/TSHKAWP\/wp-json\/wp\/v2\/users\/4"}],"replies":[{"embeddable":true,"href":"https:\/\/www.tierschutzhof-karlsruhe.de\/TSHKAWP\/wp-json\/wp\/v2\/comments?post=16540"}],"version-history":[{"count":8,"href":"https:\/\/www.tierschutzhof-karlsruhe.de\/TSHKAWP\/wp-json\/wp\/v2\/pages\/16540\/revisions"}],"predecessor-version":[{"id":16550,"href":"https:\/\/www.tierschutzhof-karlsruhe.de\/TSHKAWP\/wp-json\/wp\/v2\/pages\/16540\/revisions\/16550"}],"wp:attachment":[{"href":"https:\/\/www.tierschutzhof-karlsruhe.de\/TSHKAWP\/wp-json\/wp\/v2\/media?parent=16540"}],"curies":[{"name":"wp","href":"https:\/\/api.w.org\/{rel}","templated":true}]}}