{"id":17961,"date":"2021-09-03T20:52:06","date_gmt":"2021-09-03T20:52:06","guid":{"rendered":"https:\/\/www.tierschutzhof-karlsruhe.de\/TSHKAWP\/?page_id=17961"},"modified":"2021-09-03T20:52:06","modified_gmt":"2021-09-03T20:52:06","slug":"sozialstunden","status":"publish","type":"page","link":"https:\/\/www.tierschutzhof-karlsruhe.de\/TSHKAWP\/sozialstunden\/","title":{"rendered":"Sozialstunden"},"content":{"rendered":"<div id=\"cmsmasters_row_0rpwowu6hw\" class=\"cmsmasters_row cmsmasters_color_scheme_default cmsmasters_row_top_default cmsmasters_row_bot_default cmsmasters_row_boxed\">\n<div class=\"cmsmasters_row_outer_parent\">\n<div class=\"cmsmasters_row_outer\">\n<div class=\"cmsmasters_row_inner\">\n<div class=\"cmsmasters_row_margin\">\n<div id=\"cmsmasters_column_lmi62414s\" class=\"cmsmasters_column one_first\">\n<div class=\"cmsmasters_column_inner\">\n<div id=\"cmsmasters_divider_c0dlagegn\" class=\"cmsmasters_divider cmsmasters_divider_width_long cmsmasters_divider_pos_center\"><\/div>\n<div class=\"cmsmasters_text\">\n<p><strong>Wir bieten Chancen<\/strong><\/p>\n<p>Der Tierschutzhof Karlsruhe bietet straff\u00e4llig gewordenen Jugendlichen, aber auch Erwachsenen die Chance, gerichtlichen Auflagen an Stelle einer Haftstrafe durch Sozialstunden abzuleisten.<br \/>\nIn Abstimmung mit dem \u201eVerein f\u00fcr Jugendhilfe Karlsruhe\u201c habe bei uns die betroffenen Menschen die M\u00f6glichkeit uns bei unserer Arbeit mit unseren Tieren und der Pflege unserer Einrichtung tatkr\u00e4ftig zu unterst\u00fctzen. Somit tr\u00e4gst Du einen wertvollen Beitrag zum Gemeinwohl unserer Gesellschaft bei.<br \/>\nDie bei uns abgeleisteten Arbeitsstunden werden zur Tilgung der Schuld anerkannt.<br \/>\nW\u00e4hrend der Ableistung der Arbeitsstunden stehen wir in engem Kontakt zum \u201eVerein f\u00fcr Jugendhilfe Karlsruhe\u201c.<br \/>\nDie Ableistung von Arbeitsstunden auf dem Tierschutzhof Karlsruhe kann nur \u00fcber den \u201eVerein f\u00fcr Jugendhilfe Karlsruhe\u201c oder einer gleichwertigen Einrichtung bei uns absolviert werden.<\/p>\n<p>Weitere Informationen:<br \/>\nSozial- und Jugendbeh\u00f6rde<br \/>\nJugendgerichtshilfe<br \/>\nKaiserstra\u00dfe 64<br \/>\n76133 Karlsruhe<br \/>\nTel.: 0721\/133-5108<\/p>\n<\/div>\n<div class=\"cmsmasters_text\">\n<p>undefined<\/p>\n<\/div>\n<\/div><\/div>\n<div id=\"cmsmasters_column_wzo94eip9w\" class=\"cmsmasters_column one_first\">\n<div class=\"cmsmasters_column_inner\"><\/div><\/div>\n<\/div>\n<\/div>\n<\/div>\n<\/div>\n<\/div>\n\n","protected":false},"excerpt":{"rendered":"","protected":false},"author":4,"featured_media":0,"parent":0,"menu_order":0,"comment_status":"closed","ping_status":"closed","template":"","meta":[],"_links":{"self":[{"href":"https:\/\/www.tierschutzhof-karlsruhe.de\/TSHKAWP\/wp-json\/wp\/v2\/pages\/17961"}],"collection":[{"href":"https:\/\/www.tierschutzhof-karlsruhe.de\/TSHKAWP\/wp-json\/wp\/v2\/pages"}],"about":[{"href":"https:\/\/www.tierschutzhof-karlsruhe.de\/TSHKAWP\/wp-json\/wp\/v2\/types\/page"}],"author":[{"embeddable":true,"href":"https:\/\/www.tierschutzhof-karlsruhe.de\/TSHKAWP\/wp-json\/wp\/v2\/users\/4"}],"replies":[{"embeddable":true,"href":"https:\/\/www.tierschutzhof-karlsruhe.de\/TSHKAWP\/wp-json\/wp\/v2\/comments?post=17961"}],"version-history":[{"count":1,"href":"https:\/\/www.tierschutzhof-karlsruhe.de\/TSHKAWP\/wp-json\/wp\/v2\/pages\/17961\/revisions"}],"predecessor-version":[{"id":17962,"href":"https:\/\/www.tierschutzhof-karlsruhe.de\/TSHKAWP\/wp-json\/wp\/v2\/pages\/17961\/revisions\/17962"}],"wp:attachment":[{"href":"https:\/\/www.tierschutzhof-karlsruhe.de\/TSHKAWP\/wp-json\/wp\/v2\/media?parent=17961"}],"curies":[{"name":"wp","href":"https:\/\/api.w.org\/{rel}","templated":true}]}}